{"id":910,"date":"2025-09-12T10:21:35","date_gmt":"2025-09-12T08:21:35","guid":{"rendered":"https:\/\/maisonduveloblancarde.fr\/?page_id=910"},"modified":"2025-09-12T10:23:24","modified_gmt":"2025-09-12T08:23:24","slug":"apero-les-derailleurs","status":"publish","type":"page","link":"https:\/\/maisonduveloblancarde.fr\/?page_id=910","title":{"rendered":"Ap\u00e9ro les Der&#8217;ailleurs"},"content":{"rendered":"\t\t<div data-elementor-type=\"wp-page\" data-elementor-id=\"910\" class=\"elementor elementor-910\">\n\t\t\t\t<div class=\"elementor-element elementor-element-da89f49 e-flex e-con-boxed e-con e-parent\" data-id=\"da89f49\" data-element_type=\"container\">\n\t\t\t\t\t<div class=\"e-con-inner\">\n\t\t<div class=\"elementor-element elementor-element-ac48f5f e-con-full e-flex e-con e-child\" data-id=\"ac48f5f\" data-element_type=\"container\">\n\t\t\t\t<div class=\"elementor-element elementor-element-709d86a elementor-widget elementor-widget-image\" data-id=\"709d86a\" data-element_type=\"widget\" data-widget_type=\"image.default\">\n\t\t\t\t<div class=\"elementor-widget-container\">\n\t\t\t<style>\/*! elementor - v3.22.0 - 24-06-2024 *\/\n.elementor-widget-image{text-align:center}.elementor-widget-image a{display:inline-block}.elementor-widget-image a img[src$=\".svg\"]{width:48px}.elementor-widget-image img{vertical-align:middle;display:inline-block}<\/style>\t\t\t\t\t\t\t\t\t\t<img fetchpriority=\"high\" decoding=\"async\" width=\"212\" height=\"300\" src=\"https:\/\/maisonduveloblancarde.fr\/wp-content\/uploads\/2025\/09\/apero3-212x300.png\" class=\"attachment-medium size-medium wp-image-911\" alt=\"\" srcset=\"https:\/\/maisonduveloblancarde.fr\/wp-content\/uploads\/2025\/09\/apero3-212x300.png 212w, https:\/\/maisonduveloblancarde.fr\/wp-content\/uploads\/2025\/09\/apero3-724x1024.png 724w, https:\/\/maisonduveloblancarde.fr\/wp-content\/uploads\/2025\/09\/apero3-768x1086.png 768w, https:\/\/maisonduveloblancarde.fr\/wp-content\/uploads\/2025\/09\/apero3-1086x1536.png 1086w, https:\/\/maisonduveloblancarde.fr\/wp-content\/uploads\/2025\/09\/apero3-1448x2048.png 1448w, https:\/\/maisonduveloblancarde.fr\/wp-content\/uploads\/2025\/09\/apero3.png 1587w\" sizes=\"(max-width: 212px) 100vw, 212px\" \/>\t\t\t\t\t\t\t\t\t\t\t\t\t<\/div>\n\t\t\t\t<\/div>\n\t\t\t\t<\/div>\n\t\t<div class=\"elementor-element elementor-element-2ac7785 e-con-full e-flex e-con e-child\" data-id=\"2ac7785\" data-element_type=\"container\">\n\t\t\t\t<div class=\"elementor-element elementor-element-b36a9e4 elementor-widget elementor-widget-text-editor\" data-id=\"b36a9e4\" data-element_type=\"widget\" data-widget_type=\"text-editor.default\">\n\t\t\t\t<div class=\"elementor-widget-container\">\n\t\t\t<style>\/*! elementor - v3.22.0 - 24-06-2024 *\/\n.elementor-widget-text-editor.elementor-drop-cap-view-stacked .elementor-drop-cap{background-color:#69727d;color:#fff}.elementor-widget-text-editor.elementor-drop-cap-view-framed .elementor-drop-cap{color:#69727d;border:3px solid;background-color:transparent}.elementor-widget-text-editor:not(.elementor-drop-cap-view-default) .elementor-drop-cap{margin-top:8px}.elementor-widget-text-editor:not(.elementor-drop-cap-view-default) .elementor-drop-cap-letter{width:1em;height:1em}.elementor-widget-text-editor .elementor-drop-cap{float:left;text-align:center;line-height:1;font-size:50px}.elementor-widget-text-editor .elementor-drop-cap-letter{display:inline-block}<\/style>\t\t\t\tVendredi 26 septembre, \u00e0 partir de 19H, \u00e0 la Maison du V\u00e9lo, venez partager un ap\u00e9ro participatif pour f\u00eater les 10 ans d&#8217;existence du collectif des &#8220;Der&#8217;ailleurs&#8221;. \n\nNous y verrons un montage vid\u00e9o qui retracera ces 10 ans de voyages \u00e0 v\u00e9lo. Nous soufflerons les bougies du g\u00e2teau et nous validerons le logo de notre tee-shirt personnalis\u00e9. Bien s\u00fbr, chacun.e apporte de quoi grignoter et de quoi boire un coup (pas d&#8217;alcool \u00e0 la Maison du V\u00e9lo), on s&#8217;occupe du reste !\n\nVenez \u00e9changer, proposer un voyage, en trouver un autre ou simplement rencontrer des cyclovoyageuses et cyclovoyageurs qui partagent notre passion commune.\t\t\t\t\t\t<\/div>\n\t\t\t\t<\/div>\n\t\t\t\t<\/div>\n\t\t\t\t\t<\/div>\n\t\t\t\t<\/div>\n\t\t\t\t<\/div>\n\t\t","protected":false},"excerpt":{"rendered":"<p>Vendredi 26 septembre, \u00e0 partir de 19H, \u00e0 la Maison du V\u00e9lo, venez partager un ap\u00e9ro participatif pour f\u00eater les 10 ans d&#8217;existence du collectif des &#8220;Der&#8217;ailleurs&#8221;. Nous y verrons un montage vid\u00e9o qui retracera ces 10 ans de voyages \u00e0 v\u00e9lo. Nous soufflerons les bougies du g\u00e2teau et nous validerons le logo de notre&hellip;&nbsp;<a href=\"https:\/\/maisonduveloblancarde.fr\/?page_id=910\" class=\"\" rel=\"bookmark\">Read More &raquo;<span class=\"screen-reader-text\">Ap\u00e9ro les Der&#8217;ailleurs<\/span><\/a><\/p>\n","protected":false},"author":1,"featured_media":0,"parent":0,"menu_order":0,"comment_status":"closed","ping_status":"closed","template":"page-templates\/template-pagebuilder-full-width.php","meta":{"neve_meta_sidebar":"","neve_meta_container":"","neve_meta_enable_content_width":"","neve_meta_content_width":0,"neve_meta_title_alignment":"","neve_meta_author_avatar":"","neve_post_elements_order":"","neve_meta_disable_header":"","neve_meta_disable_footer":"","neve_meta_disable_title":"","_themeisle_gutenberg_block_has_review":false,"_ti_tpc_template_sync":false,"_ti_tpc_template_id":"","footnotes":""},"yoast_head":"<!-- This site is optimized with the Yoast SEO plugin v22.6 - https:\/\/yoast.com\/wordpress\/plugins\/seo\/ -->\n<title>Ap\u00e9ro les Der&#039;ailleurs -<\/title>\n<meta name=\"robots\" content=\"index, follow, max-snippet:-1, max-image-preview:large, max-video-preview:-1\" \/>\n<link rel=\"canonical\" href=\"https:\/\/maisonduveloblancarde.fr\/?page_id=910\" \/>\n<meta property=\"og:locale\" content=\"en_US\" \/>\n<meta property=\"og:type\" content=\"article\" \/>\n<meta property=\"og:title\" content=\"Ap\u00e9ro les Der&#039;ailleurs -\" \/>\n<meta property=\"og:description\" content=\"Vendredi 26 septembre, \u00e0 partir de 19H, \u00e0 la Maison du V\u00e9lo, venez partager un ap\u00e9ro participatif pour f\u00eater les 10 ans d&#8217;existence du collectif des &#8220;Der&#8217;ailleurs&#8221;. Nous y verrons un montage vid\u00e9o qui retracera ces 10 ans de voyages \u00e0 v\u00e9lo. Nous soufflerons les bougies du g\u00e2teau et nous validerons le logo de notre&hellip;&nbsp;Read More &raquo;Ap\u00e9ro les Der&#8217;ailleurs\" \/>\n<meta property=\"og:url\" content=\"https:\/\/maisonduveloblancarde.fr\/?page_id=910\" \/>\n<meta property=\"article:modified_time\" content=\"2025-09-12T08:23:24+00:00\" \/>\n<meta property=\"og:image\" content=\"http:\/\/maisonduveloblancarde.fr\/wp-content\/uploads\/2025\/09\/apero3-212x300.png\" \/>\n<meta name=\"twitter:card\" content=\"summary_large_image\" \/>\n<meta name=\"twitter:label1\" content=\"Est. reading time\" \/>\n\t<meta name=\"twitter:data1\" content=\"1 minute\" \/>\n<script type=\"application\/ld+json\" class=\"yoast-schema-graph\">{\"@context\":\"https:\/\/schema.org\",\"@graph\":[{\"@type\":\"WebPage\",\"@id\":\"https:\/\/maisonduveloblancarde.fr\/?page_id=910\",\"url\":\"https:\/\/maisonduveloblancarde.fr\/?page_id=910\",\"name\":\"Ap\u00e9ro les Der'ailleurs -\",\"isPartOf\":{\"@id\":\"https:\/\/maisonduveloblancarde.fr\/#website\"},\"primaryImageOfPage\":{\"@id\":\"https:\/\/maisonduveloblancarde.fr\/?page_id=910#primaryimage\"},\"image\":{\"@id\":\"https:\/\/maisonduveloblancarde.fr\/?page_id=910#primaryimage\"},\"thumbnailUrl\":\"http:\/\/maisonduveloblancarde.fr\/wp-content\/uploads\/2025\/09\/apero3-212x300.png\",\"datePublished\":\"2025-09-12T08:21:35+00:00\",\"dateModified\":\"2025-09-12T08:23:24+00:00\",\"breadcrumb\":{\"@id\":\"https:\/\/maisonduveloblancarde.fr\/?page_id=910#breadcrumb\"},\"inLanguage\":\"en-US\",\"potentialAction\":[{\"@type\":\"ReadAction\",\"target\":[\"https:\/\/maisonduveloblancarde.fr\/?page_id=910\"]}]},{\"@type\":\"ImageObject\",\"inLanguage\":\"en-US\",\"@id\":\"https:\/\/maisonduveloblancarde.fr\/?page_id=910#primaryimage\",\"url\":\"https:\/\/maisonduveloblancarde.fr\/wp-content\/uploads\/2025\/09\/apero3.png\",\"contentUrl\":\"https:\/\/maisonduveloblancarde.fr\/wp-content\/uploads\/2025\/09\/apero3.png\",\"width\":1587,\"height\":2245},{\"@type\":\"BreadcrumbList\",\"@id\":\"https:\/\/maisonduveloblancarde.fr\/?page_id=910#breadcrumb\",\"itemListElement\":[{\"@type\":\"ListItem\",\"position\":1,\"name\":\"Accueil\",\"item\":\"https:\/\/maisonduveloblancarde.fr\/\"},{\"@type\":\"ListItem\",\"position\":2,\"name\":\"Ap\u00e9ro les Der&#8217;ailleurs\"}]},{\"@type\":\"WebSite\",\"@id\":\"https:\/\/maisonduveloblancarde.fr\/#website\",\"url\":\"https:\/\/maisonduveloblancarde.fr\/\",\"name\":\"\",\"description\":\"\",\"potentialAction\":[{\"@type\":\"SearchAction\",\"target\":{\"@type\":\"EntryPoint\",\"urlTemplate\":\"https:\/\/maisonduveloblancarde.fr\/?s={search_term_string}\"},\"query-input\":\"required name=search_term_string\"}],\"inLanguage\":\"en-US\"}]}<\/script>\n<!-- \/ Yoast SEO plugin. -->","yoast_head_json":{"title":"Ap\u00e9ro les Der'ailleurs -","robots":{"index":"index","follow":"follow","max-snippet":"max-snippet:-1","max-image-preview":"max-image-preview:large","max-video-preview":"max-video-preview:-1"},"canonical":"https:\/\/maisonduveloblancarde.fr\/?page_id=910","og_locale":"en_US","og_type":"article","og_title":"Ap\u00e9ro les Der'ailleurs -","og_description":"Vendredi 26 septembre, \u00e0 partir de 19H, \u00e0 la Maison du V\u00e9lo, venez partager un ap\u00e9ro participatif pour f\u00eater les 10 ans d&#8217;existence du collectif des &#8220;Der&#8217;ailleurs&#8221;. Nous y verrons un montage vid\u00e9o qui retracera ces 10 ans de voyages \u00e0 v\u00e9lo. Nous soufflerons les bougies du g\u00e2teau et nous validerons le logo de notre&hellip;&nbsp;Read More &raquo;Ap\u00e9ro les Der&#8217;ailleurs","og_url":"https:\/\/maisonduveloblancarde.fr\/?page_id=910","article_modified_time":"2025-09-12T08:23:24+00:00","og_image":[{"url":"http:\/\/maisonduveloblancarde.fr\/wp-content\/uploads\/2025\/09\/apero3-212x300.png"}],"twitter_card":"summary_large_image","twitter_misc":{"Est. reading time":"1 minute"},"schema":{"@context":"https:\/\/schema.org","@graph":[{"@type":"WebPage","@id":"https:\/\/maisonduveloblancarde.fr\/?page_id=910","url":"https:\/\/maisonduveloblancarde.fr\/?page_id=910","name":"Ap\u00e9ro les Der'ailleurs -","isPartOf":{"@id":"https:\/\/maisonduveloblancarde.fr\/#website"},"primaryImageOfPage":{"@id":"https:\/\/maisonduveloblancarde.fr\/?page_id=910#primaryimage"},"image":{"@id":"https:\/\/maisonduveloblancarde.fr\/?page_id=910#primaryimage"},"thumbnailUrl":"http:\/\/maisonduveloblancarde.fr\/wp-content\/uploads\/2025\/09\/apero3-212x300.png","datePublished":"2025-09-12T08:21:35+00:00","dateModified":"2025-09-12T08:23:24+00:00","breadcrumb":{"@id":"https:\/\/maisonduveloblancarde.fr\/?page_id=910#breadcrumb"},"inLanguage":"en-US","potentialAction":[{"@type":"ReadAction","target":["https:\/\/maisonduveloblancarde.fr\/?page_id=910"]}]},{"@type":"ImageObject","inLanguage":"en-US","@id":"https:\/\/maisonduveloblancarde.fr\/?page_id=910#primaryimage","url":"https:\/\/maisonduveloblancarde.fr\/wp-content\/uploads\/2025\/09\/apero3.png","contentUrl":"https:\/\/maisonduveloblancarde.fr\/wp-content\/uploads\/2025\/09\/apero3.png","width":1587,"height":2245},{"@type":"BreadcrumbList","@id":"https:\/\/maisonduveloblancarde.fr\/?page_id=910#breadcrumb","itemListElement":[{"@type":"ListItem","position":1,"name":"Accueil","item":"https:\/\/maisonduveloblancarde.fr\/"},{"@type":"ListItem","position":2,"name":"Ap\u00e9ro les Der&#8217;ailleurs"}]},{"@type":"WebSite","@id":"https:\/\/maisonduveloblancarde.fr\/#website","url":"https:\/\/maisonduveloblancarde.fr\/","name":"","description":"","potentialAction":[{"@type":"SearchAction","target":{"@type":"EntryPoint","urlTemplate":"https:\/\/maisonduveloblancarde.fr\/?s={search_term_string}"},"query-input":"required name=search_term_string"}],"inLanguage":"en-US"}]}},"_links":{"self":[{"href":"https:\/\/maisonduveloblancarde.fr\/index.php?rest_route=\/wp\/v2\/pages\/910"}],"collection":[{"href":"https:\/\/maisonduveloblancarde.fr\/index.php?rest_route=\/wp\/v2\/pages"}],"about":[{"href":"https:\/\/maisonduveloblancarde.fr\/index.php?rest_route=\/wp\/v2\/types\/page"}],"author":[{"embeddable":true,"href":"https:\/\/maisonduveloblancarde.fr\/index.php?rest_route=\/wp\/v2\/users\/1"}],"replies":[{"embeddable":true,"href":"https:\/\/maisonduveloblancarde.fr\/index.php?rest_route=%2Fwp%2Fv2%2Fcomments&post=910"}],"version-history":[{"count":7,"href":"https:\/\/maisonduveloblancarde.fr\/index.php?rest_route=\/wp\/v2\/pages\/910\/revisions"}],"predecessor-version":[{"id":919,"href":"https:\/\/maisonduveloblancarde.fr\/index.php?rest_route=\/wp\/v2\/pages\/910\/revisions\/919"}],"wp:attachment":[{"href":"https:\/\/maisonduveloblancarde.fr\/index.php?rest_route=%2Fwp%2Fv2%2Fmedia&parent=910"}],"curies":[{"name":"wp","href":"https:\/\/api.w.org\/{rel}","templated":true}]}}