{"id":785,"date":"2025-05-22T19:36:22","date_gmt":"2025-05-22T17:36:22","guid":{"rendered":"https:\/\/maisonduveloblancarde.fr\/?page_id=785"},"modified":"2025-07-16T21:10:07","modified_gmt":"2025-07-16T19:10:07","slug":"atelier-dauto-reparation-velos-en-ville","status":"publish","type":"page","link":"https:\/\/maisonduveloblancarde.fr\/?page_id=785","title":{"rendered":"Atelier d&#8217;auto-r\u00e9paration V\u00e9los en ville"},"content":{"rendered":"\t\t<div data-elementor-type=\"wp-page\" data-elementor-id=\"785\" class=\"elementor elementor-785\">\n\t\t\t\t<div class=\"elementor-element elementor-element-968ed99 e-flex e-con-boxed e-con e-parent\" data-id=\"968ed99\" data-element_type=\"container\">\n\t\t\t\t\t<div class=\"e-con-inner\">\n\t\t\t\t<div class=\"elementor-element elementor-element-54d93ff elementor-widget elementor-widget-image\" data-id=\"54d93ff\" data-element_type=\"widget\" data-widget_type=\"image.default\">\n\t\t\t\t<div class=\"elementor-widget-container\">\n\t\t\t<style>\/*! elementor - v3.22.0 - 24-06-2024 *\/\n.elementor-widget-image{text-align:center}.elementor-widget-image a{display:inline-block}.elementor-widget-image a img[src$=\".svg\"]{width:48px}.elementor-widget-image img{vertical-align:middle;display:inline-block}<\/style>\t\t\t\t\t\t\t\t\t\t<img fetchpriority=\"high\" decoding=\"async\" width=\"235\" height=\"258\" src=\"https:\/\/maisonduveloblancarde.fr\/wp-content\/uploads\/2025\/07\/20250716_202426_xxx.png\" class=\"attachment-large size-large wp-image-841\" alt=\"\" \/>\t\t\t\t\t\t\t\t\t\t\t\t\t<\/div>\n\t\t\t\t<\/div>\n\t\t\t\t<div class=\"elementor-element elementor-element-2e56c02 elementor-widget elementor-widget-text-editor\" data-id=\"2e56c02\" data-element_type=\"widget\" data-widget_type=\"text-editor.default\">\n\t\t\t\t<div class=\"elementor-widget-container\">\n\t\t\t<style>\/*! elementor - v3.22.0 - 24-06-2024 *\/\n.elementor-widget-text-editor.elementor-drop-cap-view-stacked .elementor-drop-cap{background-color:#69727d;color:#fff}.elementor-widget-text-editor.elementor-drop-cap-view-framed .elementor-drop-cap{color:#69727d;border:3px solid;background-color:transparent}.elementor-widget-text-editor:not(.elementor-drop-cap-view-default) .elementor-drop-cap{margin-top:8px}.elementor-widget-text-editor:not(.elementor-drop-cap-view-default) .elementor-drop-cap-letter{width:1em;height:1em}.elementor-widget-text-editor .elementor-drop-cap{float:left;text-align:center;line-height:1;font-size:50px}.elementor-widget-text-editor .elementor-drop-cap-letter{display:inline-block}<\/style>\t\t\t\t<p>Chaque mercredi soir 18h30-20h30, venez r\u00e9parer votre v\u00e9lo avec l&#8217;aides des b\u00e9n\u00e9voles V\u00e9los en ville !<\/p><p>L\u2019association <a href=\"https:\/\/velosenville.org\/\">Collectif V\u00e9los en Ville<\/a>, dont vous connaissez peut-\u00eatre le local principal au 24 rue Moustier (13001), a pour objet de sensibiliser, de former et de faire participer le public le plus large possible au d\u00e9veloppement de la pratique du v\u00e9lo en ville. Elle appartient au r\u00e9seau national de la F\u00e9d\u00e9ration fran\u00e7aise des Usagers de la Bicyclette (FUB), au r\u00e9seau national de l\u2019Heureux-Cyclage, l\u2019AF3V et \u00e0 l\u2019APEAS.<\/p><p>Chaque mercredi \u00e0 la Maison du v\u00e9lo Marseille Blancarde, vous pourrez apprendre la m\u00e9canique v\u00e9lo :<\/p><ul><li>En acc\u00e9dant \u00e0 l&#8217;atelier avec tous les outils disponibles<\/li><li>En \u00e9tant aid\u00e9.e par les b\u00e9n\u00e9voles pour apprendre \u00e0 r\u00e9parer en autonomie<\/li><\/ul><p>C&#8217;est un lieu o\u00f9 apprendre \u00e0 r\u00e9parer son v\u00e9lo. Des b\u00e9n\u00e9voles sont toujours pr\u00e9sents pour aiguiller, aider si besoin et faire en sorte que tout le monde passe un moment d&#8217;\u00e9change et d&#8217;apprentissage convivial.<\/p><p>Pour utiliser l&#8217;atelier, nous vous invitons \u00e0 adh\u00e9rer \u00e0 l&#8217;association Collectif V\u00e9los en ville sur cette page :<br \/><a href=\"https:\/\/www.helloasso.com\/associations\/collectif-velos-en-ville\/adhesions\/adhesions-au-collectif-velos-en-ville\">https:\/\/www.helloasso.com\/associations\/collectif-velos-en-ville\/adhesions\/adhesions-au-collectif-velos-en-ville<\/a><\/p><p>Vous pouvez aussi venir \u00e0 l&#8217;atelier et adh\u00e9rer sur place apr\u00e8s avoir visit\u00e9.<\/p><p>L&#8217;atelier propose des pi\u00e8ces d&#8217;occasion \u00e0 prix libre et des pi\u00e8ces neuves (cables, gaines, chambres \u00e0 air, chaines, kits rustine).<\/p>\t\t\t\t\t\t<\/div>\n\t\t\t\t<\/div>\n\t\t\t\t\t<\/div>\n\t\t\t\t<\/div>\n\t\t\t\t<\/div>\n\t\t","protected":false},"excerpt":{"rendered":"<p>Chaque mercredi soir 18h30-20h30, venez r\u00e9parer votre v\u00e9lo avec l&#8217;aides des b\u00e9n\u00e9voles V\u00e9los en ville ! L\u2019association Collectif V\u00e9los en Ville, dont vous connaissez peut-\u00eatre le local principal au 24 rue Moustier (13001), a pour objet de sensibiliser, de former et de faire participer le public le plus large possible au d\u00e9veloppement de la pratique&hellip;&nbsp;<a href=\"https:\/\/maisonduveloblancarde.fr\/?page_id=785\" class=\"\" rel=\"bookmark\">Read More &raquo;<span class=\"screen-reader-text\">Atelier d&#8217;auto-r\u00e9paration V\u00e9los en ville<\/span><\/a><\/p>\n","protected":false},"author":1,"featured_media":0,"parent":0,"menu_order":0,"comment_status":"closed","ping_status":"closed","template":"page-templates\/template-pagebuilder-full-width.php","meta":{"neve_meta_sidebar":"","neve_meta_container":"","neve_meta_enable_content_width":"","neve_meta_content_width":0,"neve_meta_title_alignment":"","neve_meta_author_avatar":"","neve_post_elements_order":"","neve_meta_disable_header":"","neve_meta_disable_footer":"","neve_meta_disable_title":"","_themeisle_gutenberg_block_has_review":false,"_ti_tpc_template_sync":false,"_ti_tpc_template_id":"","footnotes":""},"yoast_head":"<!-- This site is optimized with the Yoast SEO plugin v22.6 - https:\/\/yoast.com\/wordpress\/plugins\/seo\/ -->\n<title>Atelier d&#039;auto-r\u00e9paration V\u00e9los en ville -<\/title>\n<meta name=\"robots\" content=\"index, follow, max-snippet:-1, max-image-preview:large, max-video-preview:-1\" \/>\n<link rel=\"canonical\" href=\"https:\/\/maisonduveloblancarde.fr\/?page_id=785\" \/>\n<meta property=\"og:locale\" content=\"en_US\" \/>\n<meta property=\"og:type\" content=\"article\" \/>\n<meta property=\"og:title\" content=\"Atelier d&#039;auto-r\u00e9paration V\u00e9los en ville -\" \/>\n<meta property=\"og:description\" content=\"Chaque mercredi soir 18h30-20h30, venez r\u00e9parer votre v\u00e9lo avec l&#8217;aides des b\u00e9n\u00e9voles V\u00e9los en ville ! L\u2019association Collectif V\u00e9los en Ville, dont vous connaissez peut-\u00eatre le local principal au 24 rue Moustier (13001), a pour objet de sensibiliser, de former et de faire participer le public le plus large possible au d\u00e9veloppement de la pratique&hellip;&nbsp;Read More &raquo;Atelier d&#8217;auto-r\u00e9paration V\u00e9los en ville\" \/>\n<meta property=\"og:url\" content=\"https:\/\/maisonduveloblancarde.fr\/?page_id=785\" \/>\n<meta property=\"article:modified_time\" content=\"2025-07-16T19:10:07+00:00\" \/>\n<meta property=\"og:image\" content=\"http:\/\/maisonduveloblancarde.fr\/wp-content\/uploads\/2025\/07\/20250716_202426_xxx.png\" \/>\n<meta name=\"twitter:card\" content=\"summary_large_image\" \/>\n<meta name=\"twitter:label1\" content=\"Est. reading time\" \/>\n\t<meta name=\"twitter:data1\" content=\"2 minutes\" \/>\n<script type=\"application\/ld+json\" class=\"yoast-schema-graph\">{\"@context\":\"https:\/\/schema.org\",\"@graph\":[{\"@type\":\"WebPage\",\"@id\":\"https:\/\/maisonduveloblancarde.fr\/?page_id=785\",\"url\":\"https:\/\/maisonduveloblancarde.fr\/?page_id=785\",\"name\":\"Atelier d'auto-r\u00e9paration V\u00e9los en ville -\",\"isPartOf\":{\"@id\":\"https:\/\/maisonduveloblancarde.fr\/#website\"},\"primaryImageOfPage\":{\"@id\":\"https:\/\/maisonduveloblancarde.fr\/?page_id=785#primaryimage\"},\"image\":{\"@id\":\"https:\/\/maisonduveloblancarde.fr\/?page_id=785#primaryimage\"},\"thumbnailUrl\":\"http:\/\/maisonduveloblancarde.fr\/wp-content\/uploads\/2025\/07\/20250716_202426_xxx.png\",\"datePublished\":\"2025-05-22T17:36:22+00:00\",\"dateModified\":\"2025-07-16T19:10:07+00:00\",\"breadcrumb\":{\"@id\":\"https:\/\/maisonduveloblancarde.fr\/?page_id=785#breadcrumb\"},\"inLanguage\":\"en-US\",\"potentialAction\":[{\"@type\":\"ReadAction\",\"target\":[\"https:\/\/maisonduveloblancarde.fr\/?page_id=785\"]}]},{\"@type\":\"ImageObject\",\"inLanguage\":\"en-US\",\"@id\":\"https:\/\/maisonduveloblancarde.fr\/?page_id=785#primaryimage\",\"url\":\"http:\/\/maisonduveloblancarde.fr\/wp-content\/uploads\/2025\/07\/20250716_202426_xxx.png\",\"contentUrl\":\"http:\/\/maisonduveloblancarde.fr\/wp-content\/uploads\/2025\/07\/20250716_202426_xxx.png\"},{\"@type\":\"BreadcrumbList\",\"@id\":\"https:\/\/maisonduveloblancarde.fr\/?page_id=785#breadcrumb\",\"itemListElement\":[{\"@type\":\"ListItem\",\"position\":1,\"name\":\"Accueil\",\"item\":\"https:\/\/maisonduveloblancarde.fr\/\"},{\"@type\":\"ListItem\",\"position\":2,\"name\":\"Atelier d&rsquo;auto-r\u00e9paration V\u00e9los en ville\"}]},{\"@type\":\"WebSite\",\"@id\":\"https:\/\/maisonduveloblancarde.fr\/#website\",\"url\":\"https:\/\/maisonduveloblancarde.fr\/\",\"name\":\"\",\"description\":\"\",\"potentialAction\":[{\"@type\":\"SearchAction\",\"target\":{\"@type\":\"EntryPoint\",\"urlTemplate\":\"https:\/\/maisonduveloblancarde.fr\/?s={search_term_string}\"},\"query-input\":\"required name=search_term_string\"}],\"inLanguage\":\"en-US\"}]}<\/script>\n<!-- \/ Yoast SEO plugin. -->","yoast_head_json":{"title":"Atelier d'auto-r\u00e9paration V\u00e9los en ville -","robots":{"index":"index","follow":"follow","max-snippet":"max-snippet:-1","max-image-preview":"max-image-preview:large","max-video-preview":"max-video-preview:-1"},"canonical":"https:\/\/maisonduveloblancarde.fr\/?page_id=785","og_locale":"en_US","og_type":"article","og_title":"Atelier d'auto-r\u00e9paration V\u00e9los en ville -","og_description":"Chaque mercredi soir 18h30-20h30, venez r\u00e9parer votre v\u00e9lo avec l&#8217;aides des b\u00e9n\u00e9voles V\u00e9los en ville ! L\u2019association Collectif V\u00e9los en Ville, dont vous connaissez peut-\u00eatre le local principal au 24 rue Moustier (13001), a pour objet de sensibiliser, de former et de faire participer le public le plus large possible au d\u00e9veloppement de la pratique&hellip;&nbsp;Read More &raquo;Atelier d&#8217;auto-r\u00e9paration V\u00e9los en ville","og_url":"https:\/\/maisonduveloblancarde.fr\/?page_id=785","article_modified_time":"2025-07-16T19:10:07+00:00","og_image":[{"url":"http:\/\/maisonduveloblancarde.fr\/wp-content\/uploads\/2025\/07\/20250716_202426_xxx.png"}],"twitter_card":"summary_large_image","twitter_misc":{"Est. reading time":"2 minutes"},"schema":{"@context":"https:\/\/schema.org","@graph":[{"@type":"WebPage","@id":"https:\/\/maisonduveloblancarde.fr\/?page_id=785","url":"https:\/\/maisonduveloblancarde.fr\/?page_id=785","name":"Atelier d'auto-r\u00e9paration V\u00e9los en ville -","isPartOf":{"@id":"https:\/\/maisonduveloblancarde.fr\/#website"},"primaryImageOfPage":{"@id":"https:\/\/maisonduveloblancarde.fr\/?page_id=785#primaryimage"},"image":{"@id":"https:\/\/maisonduveloblancarde.fr\/?page_id=785#primaryimage"},"thumbnailUrl":"http:\/\/maisonduveloblancarde.fr\/wp-content\/uploads\/2025\/07\/20250716_202426_xxx.png","datePublished":"2025-05-22T17:36:22+00:00","dateModified":"2025-07-16T19:10:07+00:00","breadcrumb":{"@id":"https:\/\/maisonduveloblancarde.fr\/?page_id=785#breadcrumb"},"inLanguage":"en-US","potentialAction":[{"@type":"ReadAction","target":["https:\/\/maisonduveloblancarde.fr\/?page_id=785"]}]},{"@type":"ImageObject","inLanguage":"en-US","@id":"https:\/\/maisonduveloblancarde.fr\/?page_id=785#primaryimage","url":"http:\/\/maisonduveloblancarde.fr\/wp-content\/uploads\/2025\/07\/20250716_202426_xxx.png","contentUrl":"http:\/\/maisonduveloblancarde.fr\/wp-content\/uploads\/2025\/07\/20250716_202426_xxx.png"},{"@type":"BreadcrumbList","@id":"https:\/\/maisonduveloblancarde.fr\/?page_id=785#breadcrumb","itemListElement":[{"@type":"ListItem","position":1,"name":"Accueil","item":"https:\/\/maisonduveloblancarde.fr\/"},{"@type":"ListItem","position":2,"name":"Atelier d&rsquo;auto-r\u00e9paration V\u00e9los en ville"}]},{"@type":"WebSite","@id":"https:\/\/maisonduveloblancarde.fr\/#website","url":"https:\/\/maisonduveloblancarde.fr\/","name":"","description":"","potentialAction":[{"@type":"SearchAction","target":{"@type":"EntryPoint","urlTemplate":"https:\/\/maisonduveloblancarde.fr\/?s={search_term_string}"},"query-input":"required name=search_term_string"}],"inLanguage":"en-US"}]}},"_links":{"self":[{"href":"https:\/\/maisonduveloblancarde.fr\/index.php?rest_route=\/wp\/v2\/pages\/785"}],"collection":[{"href":"https:\/\/maisonduveloblancarde.fr\/index.php?rest_route=\/wp\/v2\/pages"}],"about":[{"href":"https:\/\/maisonduveloblancarde.fr\/index.php?rest_route=\/wp\/v2\/types\/page"}],"author":[{"embeddable":true,"href":"https:\/\/maisonduveloblancarde.fr\/index.php?rest_route=\/wp\/v2\/users\/1"}],"replies":[{"embeddable":true,"href":"https:\/\/maisonduveloblancarde.fr\/index.php?rest_route=%2Fwp%2Fv2%2Fcomments&post=785"}],"version-history":[{"count":21,"href":"https:\/\/maisonduveloblancarde.fr\/index.php?rest_route=\/wp\/v2\/pages\/785\/revisions"}],"predecessor-version":[{"id":855,"href":"https:\/\/maisonduveloblancarde.fr\/index.php?rest_route=\/wp\/v2\/pages\/785\/revisions\/855"}],"wp:attachment":[{"href":"https:\/\/maisonduveloblancarde.fr\/index.php?rest_route=%2Fwp%2Fv2%2Fmedia&parent=785"}],"curies":[{"name":"wp","href":"https:\/\/api.w.org\/{rel}","templated":true}]}}