{"id":747,"date":"2025-05-19T11:55:25","date_gmt":"2025-05-19T09:55:25","guid":{"rendered":"https:\/\/maisonduveloblancarde.fr\/?page_id=747"},"modified":"2025-09-08T17:25:25","modified_gmt":"2025-09-08T15:25:25","slug":"presentation-de-lenquete-de-lassociation-les-roues-libres","status":"publish","type":"page","link":"https:\/\/maisonduveloblancarde.fr\/?page_id=747","title":{"rendered":"Conf\u00e9rence autour des transitions de l&#8217;am\u00e9nagement urbain"},"content":{"rendered":"\t\t<div data-elementor-type=\"wp-page\" data-elementor-id=\"747\" class=\"elementor elementor-747\">\n\t\t\t\t<div class=\"elementor-element elementor-element-3e0d11f e-flex e-con-boxed e-con e-parent\" data-id=\"3e0d11f\" data-element_type=\"container\">\n\t\t\t\t\t<div class=\"e-con-inner\">\n\t\t<div class=\"elementor-element elementor-element-916bfd5 e-con-full e-flex e-con e-child\" data-id=\"916bfd5\" data-element_type=\"container\">\n\t\t\t\t<div class=\"elementor-element elementor-element-aa45fd5 elementor-widget elementor-widget-image\" data-id=\"aa45fd5\" data-element_type=\"widget\" data-widget_type=\"image.default\">\n\t\t\t\t<div class=\"elementor-widget-container\">\n\t\t\t<style>\/*! elementor - v3.22.0 - 24-06-2024 *\/\n.elementor-widget-image{text-align:center}.elementor-widget-image a{display:inline-block}.elementor-widget-image a img[src$=\".svg\"]{width:48px}.elementor-widget-image img{vertical-align:middle;display:inline-block}<\/style>\t\t\t\t\t\t\t\t\t\t<img fetchpriority=\"high\" decoding=\"async\" width=\"819\" height=\"1024\" src=\"https:\/\/maisonduveloblancarde.fr\/wp-content\/uploads\/2025\/09\/Visu_CTr_04_i1-1-819x1024.png\" class=\"attachment-large size-large wp-image-898\" alt=\"\" srcset=\"https:\/\/maisonduveloblancarde.fr\/wp-content\/uploads\/2025\/09\/Visu_CTr_04_i1-1-819x1024.png 819w, https:\/\/maisonduveloblancarde.fr\/wp-content\/uploads\/2025\/09\/Visu_CTr_04_i1-1-240x300.png 240w, https:\/\/maisonduveloblancarde.fr\/wp-content\/uploads\/2025\/09\/Visu_CTr_04_i1-1-768x960.png 768w, https:\/\/maisonduveloblancarde.fr\/wp-content\/uploads\/2025\/09\/Visu_CTr_04_i1-1.png 1200w\" sizes=\"(max-width: 819px) 100vw, 819px\" \/>\t\t\t\t\t\t\t\t\t\t\t\t\t<\/div>\n\t\t\t\t<\/div>\n\t\t\t\t<\/div>\n\t\t<div class=\"elementor-element elementor-element-b9d54c2 e-con-full e-flex e-con e-child\" data-id=\"b9d54c2\" data-element_type=\"container\">\n\t\t<div class=\"elementor-element elementor-element-3963d42 e-con-full e-flex e-con e-child\" data-id=\"3963d42\" data-element_type=\"container\">\n\t\t\t\t<div class=\"elementor-element elementor-element-bca2435 elementor-widget elementor-widget-heading\" data-id=\"bca2435\" data-element_type=\"widget\" data-widget_type=\"heading.default\">\n\t\t\t\t<div class=\"elementor-widget-container\">\n\t\t\t<style>\/*! elementor - v3.22.0 - 24-06-2024 *\/\n.elementor-heading-title{padding:0;margin:0;line-height:1}.elementor-widget-heading .elementor-heading-title[class*=elementor-size-]>a{color:inherit;font-size:inherit;line-height:inherit}.elementor-widget-heading .elementor-heading-title.elementor-size-small{font-size:15px}.elementor-widget-heading .elementor-heading-title.elementor-size-medium{font-size:19px}.elementor-widget-heading .elementor-heading-title.elementor-size-large{font-size:29px}.elementor-widget-heading .elementor-heading-title.elementor-size-xl{font-size:39px}.elementor-widget-heading .elementor-heading-title.elementor-size-xxl{font-size:59px}<\/style><h3 class=\"elementor-heading-title elementor-size-default\">Conf\u00e9rence sur les transitions de l'am\u00e9nagement urbain dans une soci\u00e9t\u00e9 capitaliste, gentrifi\u00e9e et validiste par l'association Un Pr\u00e9texte<\/h3>\t\t<\/div>\n\t\t\t\t<\/div>\n\t\t\t\t<\/div>\n\t\t<div class=\"elementor-element elementor-element-8fd1f21 e-con-full e-flex e-con e-child\" data-id=\"8fd1f21\" data-element_type=\"container\">\n\t\t\t\t<div class=\"elementor-element elementor-element-23304d5 elementor-widget elementor-widget-heading\" data-id=\"23304d5\" data-element_type=\"widget\" data-widget_type=\"heading.default\">\n\t\t\t\t<div class=\"elementor-widget-container\">\n\t\t\t<h4 class=\"elementor-heading-title elementor-size-default\">Jeudi 18 septembre 2025 \u00e0 19h<\/h4>\t\t<\/div>\n\t\t\t\t<\/div>\n\t\t\t\t<div class=\"elementor-element elementor-element-1e462c3 elementor-widget elementor-widget-text-editor\" data-id=\"1e462c3\" data-element_type=\"widget\" data-widget_type=\"text-editor.default\">\n\t\t\t\t<div class=\"elementor-widget-container\">\n\t\t\t<style>\/*! elementor - v3.22.0 - 24-06-2024 *\/\n.elementor-widget-text-editor.elementor-drop-cap-view-stacked .elementor-drop-cap{background-color:#69727d;color:#fff}.elementor-widget-text-editor.elementor-drop-cap-view-framed .elementor-drop-cap{color:#69727d;border:3px solid;background-color:transparent}.elementor-widget-text-editor:not(.elementor-drop-cap-view-default) .elementor-drop-cap{margin-top:8px}.elementor-widget-text-editor:not(.elementor-drop-cap-view-default) .elementor-drop-cap-letter{width:1em;height:1em}.elementor-widget-text-editor .elementor-drop-cap{float:left;text-align:center;line-height:1;font-size:50px}.elementor-widget-text-editor .elementor-drop-cap-letter{display:inline-block}<\/style>\t\t\t\t<p>La Maison du V\u00e9lo Marseille Blancarde et Cyclotopia ont le plaisir d&#8217;accueillir l&#8217;association<strong>\u00a0Un Pr\u00e9texte l<\/strong><strong>e jeudi 18 septembre\u00a0 \u00e0 19h <\/strong>et de nombreuses et nombreux intervenant.e.s dans le cadre d&#8217;une conf\u00e9rence autour des transitions de l&#8217;am\u00e9nagement urbain dans une soci\u00e9t\u00e9 capitaliste, gentrifi\u00e9e et validiste.<\/p><p>\u26a0\ufe0f Places limit\u00e9es ! Inscription \u00e0 unpretexte.marseille@gmail.com en pr\u00e9cisant la date de l&#8217;\u00e9v\u00e9nement et le nombre d&#8217;inscriptions.<\/p><p>\ud83d\udd50 Un buffet sera propos\u00e9 de 19h \u00e0 20h afin de se rencontrer discuter et boire un verre avant le d\u00e9but de la conf\u00e9rence \u00e0 20h, jusqu\u2019\u00e0 22h.<\/p><p>Les intervenants.es de la soir\u00e9e :<\/p><p>\ud83c\udfe2 Emile Duflot &#8211; Doctorant au LPED, AMU &#8211; 30 ans de transformations urbaines et sociales dans le centre-ville de Marseille<\/p><p>\ud83e\udd1d Mathilde Le Ficher &#8211; Directrice de la Compagnie des R\u00eaves Urbains &#8211; La d\u00e9mocratie participative tisseuse de liens<\/p><p>\u267f Mathilde Fran\u00e7ois &#8211; Vice-pr\u00e9sidente des D\u00e9valideuses &#8211; Antivalidiste dans la ville<\/p><p>\ud83c\udf07 Alexandre Grondeau &#8211; Directeur du laboratoire TELEMMe, AMU &#8211; Marseille en alterm\u00e9tropolisation : une autre mani\u00e8re de m\u00e9nager la ville.<\/p>\t\t\t\t\t\t<\/div>\n\t\t\t\t<\/div>\n\t\t\t\t<\/div>\n\t\t\t\t<\/div>\n\t\t\t\t\t<\/div>\n\t\t\t\t<\/div>\n\t\t\t\t<\/div>\n\t\t","protected":false},"excerpt":{"rendered":"<p>PRESENTATION &#038; ECHANGE AUTOUR DE L&#8217;ENQU\u00caTE SUR LE GENRE ET LES METIERS DU VELO AVEC L&#8217;ASSOCIATION LES ROUES LIBRES Lundi 26 mai \u00e0 19h30 la Maison du V\u00e9lo Marseille Blancarde La Maison du V\u00e9lo Marseille Blancarde et Cyclotopia ont le plaisir d&#8217;accueillir l&#8217;association Les Roues Libres le lundi 26 mai \u00e0 19h30 pour pr\u00e9senter les&hellip;&nbsp;<a href=\"https:\/\/maisonduveloblancarde.fr\/?page_id=747\" class=\"\" rel=\"bookmark\">Read More &raquo;<span class=\"screen-reader-text\">Conf\u00e9rence autour des transitions de l&#8217;am\u00e9nagement urbain<\/span><\/a><\/p>\n","protected":false},"author":4,"featured_media":0,"parent":0,"menu_order":0,"comment_status":"closed","ping_status":"closed","template":"page-templates\/template-pagebuilder-full-width.php","meta":{"neve_meta_sidebar":"","neve_meta_container":"","neve_meta_enable_content_width":"","neve_meta_content_width":0,"neve_meta_title_alignment":"","neve_meta_author_avatar":"","neve_post_elements_order":"","neve_meta_disable_header":"","neve_meta_disable_footer":"","neve_meta_disable_title":"","_themeisle_gutenberg_block_has_review":false,"_ti_tpc_template_sync":false,"_ti_tpc_template_id":"","footnotes":""},"yoast_head":"<!-- This site is optimized with the Yoast SEO plugin v22.6 - https:\/\/yoast.com\/wordpress\/plugins\/seo\/ -->\n<title>Conf\u00e9rence autour des transitions de l&#039;am\u00e9nagement urbain -<\/title>\n<meta name=\"robots\" content=\"index, follow, max-snippet:-1, max-image-preview:large, max-video-preview:-1\" \/>\n<link rel=\"canonical\" href=\"https:\/\/maisonduveloblancarde.fr\/?page_id=747\" \/>\n<meta property=\"og:locale\" content=\"en_US\" \/>\n<meta property=\"og:type\" content=\"article\" \/>\n<meta property=\"og:title\" content=\"Conf\u00e9rence autour des transitions de l&#039;am\u00e9nagement urbain -\" \/>\n<meta property=\"og:description\" content=\"PRESENTATION &#038; ECHANGE AUTOUR DE L&#8217;ENQU\u00caTE SUR LE GENRE ET LES METIERS DU VELO AVEC L&#8217;ASSOCIATION LES ROUES LIBRES Lundi 26 mai \u00e0 19h30 la Maison du V\u00e9lo Marseille Blancarde La Maison du V\u00e9lo Marseille Blancarde et Cyclotopia ont le plaisir d&#8217;accueillir l&#8217;association Les Roues Libres le lundi 26 mai \u00e0 19h30 pour pr\u00e9senter les&hellip;&nbsp;Read More &raquo;Conf\u00e9rence autour des transitions de l&#8217;am\u00e9nagement urbain\" \/>\n<meta property=\"og:url\" content=\"https:\/\/maisonduveloblancarde.fr\/?page_id=747\" \/>\n<meta property=\"article:modified_time\" content=\"2025-09-08T15:25:25+00:00\" \/>\n<meta property=\"og:image\" content=\"http:\/\/maisonduveloblancarde.fr\/wp-content\/uploads\/2025\/05\/LRL-Linkedinlibres-roues-LEs-2-1024x256.png\" \/>\n<meta name=\"twitter:card\" content=\"summary_large_image\" \/>\n<meta name=\"twitter:label1\" content=\"Est. reading time\" \/>\n\t<meta name=\"twitter:data1\" content=\"2 minutes\" \/>\n<script type=\"application\/ld+json\" class=\"yoast-schema-graph\">{\"@context\":\"https:\/\/schema.org\",\"@graph\":[{\"@type\":\"WebPage\",\"@id\":\"https:\/\/maisonduveloblancarde.fr\/?page_id=747\",\"url\":\"https:\/\/maisonduveloblancarde.fr\/?page_id=747\",\"name\":\"Conf\u00e9rence autour des transitions de l'am\u00e9nagement urbain -\",\"isPartOf\":{\"@id\":\"https:\/\/maisonduveloblancarde.fr\/#website\"},\"primaryImageOfPage\":{\"@id\":\"https:\/\/maisonduveloblancarde.fr\/?page_id=747#primaryimage\"},\"image\":{\"@id\":\"https:\/\/maisonduveloblancarde.fr\/?page_id=747#primaryimage\"},\"thumbnailUrl\":\"http:\/\/maisonduveloblancarde.fr\/wp-content\/uploads\/2025\/05\/LRL-Linkedinlibres-roues-LEs-2-1024x256.png\",\"datePublished\":\"2025-05-19T09:55:25+00:00\",\"dateModified\":\"2025-09-08T15:25:25+00:00\",\"breadcrumb\":{\"@id\":\"https:\/\/maisonduveloblancarde.fr\/?page_id=747#breadcrumb\"},\"inLanguage\":\"en-US\",\"potentialAction\":[{\"@type\":\"ReadAction\",\"target\":[\"https:\/\/maisonduveloblancarde.fr\/?page_id=747\"]}]},{\"@type\":\"ImageObject\",\"inLanguage\":\"en-US\",\"@id\":\"https:\/\/maisonduveloblancarde.fr\/?page_id=747#primaryimage\",\"url\":\"https:\/\/maisonduveloblancarde.fr\/wp-content\/uploads\/2025\/05\/LRL-Linkedinlibres-roues-LEs-2.png\",\"contentUrl\":\"https:\/\/maisonduveloblancarde.fr\/wp-content\/uploads\/2025\/05\/LRL-Linkedinlibres-roues-LEs-2.png\",\"width\":1584,\"height\":396},{\"@type\":\"BreadcrumbList\",\"@id\":\"https:\/\/maisonduveloblancarde.fr\/?page_id=747#breadcrumb\",\"itemListElement\":[{\"@type\":\"ListItem\",\"position\":1,\"name\":\"Accueil\",\"item\":\"https:\/\/maisonduveloblancarde.fr\/\"},{\"@type\":\"ListItem\",\"position\":2,\"name\":\"Conf\u00e9rence autour des transitions de l&rsquo;am\u00e9nagement urbain\"}]},{\"@type\":\"WebSite\",\"@id\":\"https:\/\/maisonduveloblancarde.fr\/#website\",\"url\":\"https:\/\/maisonduveloblancarde.fr\/\",\"name\":\"\",\"description\":\"\",\"potentialAction\":[{\"@type\":\"SearchAction\",\"target\":{\"@type\":\"EntryPoint\",\"urlTemplate\":\"https:\/\/maisonduveloblancarde.fr\/?s={search_term_string}\"},\"query-input\":\"required name=search_term_string\"}],\"inLanguage\":\"en-US\"}]}<\/script>\n<!-- \/ Yoast SEO plugin. -->","yoast_head_json":{"title":"Conf\u00e9rence autour des transitions de l'am\u00e9nagement urbain -","robots":{"index":"index","follow":"follow","max-snippet":"max-snippet:-1","max-image-preview":"max-image-preview:large","max-video-preview":"max-video-preview:-1"},"canonical":"https:\/\/maisonduveloblancarde.fr\/?page_id=747","og_locale":"en_US","og_type":"article","og_title":"Conf\u00e9rence autour des transitions de l'am\u00e9nagement urbain -","og_description":"PRESENTATION &#038; ECHANGE AUTOUR DE L&#8217;ENQU\u00caTE SUR LE GENRE ET LES METIERS DU VELO AVEC L&#8217;ASSOCIATION LES ROUES LIBRES Lundi 26 mai \u00e0 19h30 la Maison du V\u00e9lo Marseille Blancarde La Maison du V\u00e9lo Marseille Blancarde et Cyclotopia ont le plaisir d&#8217;accueillir l&#8217;association Les Roues Libres le lundi 26 mai \u00e0 19h30 pour pr\u00e9senter les&hellip;&nbsp;Read More &raquo;Conf\u00e9rence autour des transitions de l&#8217;am\u00e9nagement urbain","og_url":"https:\/\/maisonduveloblancarde.fr\/?page_id=747","article_modified_time":"2025-09-08T15:25:25+00:00","og_image":[{"url":"http:\/\/maisonduveloblancarde.fr\/wp-content\/uploads\/2025\/05\/LRL-Linkedinlibres-roues-LEs-2-1024x256.png"}],"twitter_card":"summary_large_image","twitter_misc":{"Est. reading time":"2 minutes"},"schema":{"@context":"https:\/\/schema.org","@graph":[{"@type":"WebPage","@id":"https:\/\/maisonduveloblancarde.fr\/?page_id=747","url":"https:\/\/maisonduveloblancarde.fr\/?page_id=747","name":"Conf\u00e9rence autour des transitions de l'am\u00e9nagement urbain -","isPartOf":{"@id":"https:\/\/maisonduveloblancarde.fr\/#website"},"primaryImageOfPage":{"@id":"https:\/\/maisonduveloblancarde.fr\/?page_id=747#primaryimage"},"image":{"@id":"https:\/\/maisonduveloblancarde.fr\/?page_id=747#primaryimage"},"thumbnailUrl":"http:\/\/maisonduveloblancarde.fr\/wp-content\/uploads\/2025\/05\/LRL-Linkedinlibres-roues-LEs-2-1024x256.png","datePublished":"2025-05-19T09:55:25+00:00","dateModified":"2025-09-08T15:25:25+00:00","breadcrumb":{"@id":"https:\/\/maisonduveloblancarde.fr\/?page_id=747#breadcrumb"},"inLanguage":"en-US","potentialAction":[{"@type":"ReadAction","target":["https:\/\/maisonduveloblancarde.fr\/?page_id=747"]}]},{"@type":"ImageObject","inLanguage":"en-US","@id":"https:\/\/maisonduveloblancarde.fr\/?page_id=747#primaryimage","url":"https:\/\/maisonduveloblancarde.fr\/wp-content\/uploads\/2025\/05\/LRL-Linkedinlibres-roues-LEs-2.png","contentUrl":"https:\/\/maisonduveloblancarde.fr\/wp-content\/uploads\/2025\/05\/LRL-Linkedinlibres-roues-LEs-2.png","width":1584,"height":396},{"@type":"BreadcrumbList","@id":"https:\/\/maisonduveloblancarde.fr\/?page_id=747#breadcrumb","itemListElement":[{"@type":"ListItem","position":1,"name":"Accueil","item":"https:\/\/maisonduveloblancarde.fr\/"},{"@type":"ListItem","position":2,"name":"Conf\u00e9rence autour des transitions de l&rsquo;am\u00e9nagement urbain"}]},{"@type":"WebSite","@id":"https:\/\/maisonduveloblancarde.fr\/#website","url":"https:\/\/maisonduveloblancarde.fr\/","name":"","description":"","potentialAction":[{"@type":"SearchAction","target":{"@type":"EntryPoint","urlTemplate":"https:\/\/maisonduveloblancarde.fr\/?s={search_term_string}"},"query-input":"required name=search_term_string"}],"inLanguage":"en-US"}]}},"_links":{"self":[{"href":"https:\/\/maisonduveloblancarde.fr\/index.php?rest_route=\/wp\/v2\/pages\/747"}],"collection":[{"href":"https:\/\/maisonduveloblancarde.fr\/index.php?rest_route=\/wp\/v2\/pages"}],"about":[{"href":"https:\/\/maisonduveloblancarde.fr\/index.php?rest_route=\/wp\/v2\/types\/page"}],"author":[{"embeddable":true,"href":"https:\/\/maisonduveloblancarde.fr\/index.php?rest_route=\/wp\/v2\/users\/4"}],"replies":[{"embeddable":true,"href":"https:\/\/maisonduveloblancarde.fr\/index.php?rest_route=%2Fwp%2Fv2%2Fcomments&post=747"}],"version-history":[{"count":12,"href":"https:\/\/maisonduveloblancarde.fr\/index.php?rest_route=\/wp\/v2\/pages\/747\/revisions"}],"predecessor-version":[{"id":908,"href":"https:\/\/maisonduveloblancarde.fr\/index.php?rest_route=\/wp\/v2\/pages\/747\/revisions\/908"}],"wp:attachment":[{"href":"https:\/\/maisonduveloblancarde.fr\/index.php?rest_route=%2Fwp%2Fv2%2Fmedia&parent=747"}],"curies":[{"name":"wp","href":"https:\/\/api.w.org\/{rel}","templated":true}]}}