{"id":708,"date":"2025-05-16T16:25:40","date_gmt":"2025-05-16T14:25:40","guid":{"rendered":"https:\/\/maisonduveloblancarde.fr\/?page_id=708"},"modified":"2025-07-16T19:56:19","modified_gmt":"2025-07-16T17:56:19","slug":"elementor-708","status":"publish","type":"page","link":"https:\/\/maisonduveloblancarde.fr\/?page_id=708","title":{"rendered":"Conf\u00e9rence Gesticul\u00e9e &#8211; V\u00e9lotopie, illusion d&#8217;\u00e9lite"},"content":{"rendered":"\t\t<div data-elementor-type=\"wp-page\" data-elementor-id=\"708\" class=\"elementor elementor-708\">\n\t\t\t\t<div class=\"elementor-element elementor-element-b5195bf e-flex e-con-boxed e-con e-parent\" data-id=\"b5195bf\" data-element_type=\"container\">\n\t\t\t\t\t<div class=\"e-con-inner\">\n\t\t<div class=\"elementor-element elementor-element-e3d0a1d e-con-full e-flex e-con e-child\" data-id=\"e3d0a1d\" data-element_type=\"container\">\n\t\t\t\t<div class=\"elementor-element elementor-element-34de7ca elementor-widget elementor-widget-image\" data-id=\"34de7ca\" data-element_type=\"widget\" data-widget_type=\"image.default\">\n\t\t\t\t<div class=\"elementor-widget-container\">\n\t\t\t<style>\/*! elementor - v3.22.0 - 24-06-2024 *\/\n.elementor-widget-image{text-align:center}.elementor-widget-image a{display:inline-block}.elementor-widget-image a img[src$=\".svg\"]{width:48px}.elementor-widget-image img{vertical-align:middle;display:inline-block}<\/style>\t\t\t\t\t\t\t\t\t\t<img decoding=\"async\" width=\"300\" height=\"159\" src=\"https:\/\/maisonduveloblancarde.fr\/wp-content\/uploads\/2025\/05\/velotopie-300x159.jpg\" class=\"attachment-medium size-medium wp-image-711\" alt=\"\" srcset=\"https:\/\/maisonduveloblancarde.fr\/wp-content\/uploads\/2025\/05\/velotopie-300x159.jpg 300w, https:\/\/maisonduveloblancarde.fr\/wp-content\/uploads\/2025\/05\/velotopie.jpg 474w\" sizes=\"(max-width: 300px) 100vw, 300px\" \/>\t\t\t\t\t\t\t\t\t\t\t\t\t<\/div>\n\t\t\t\t<\/div>\n\t\t\t\t<div class=\"elementor-element elementor-element-c3629be elementor-widget elementor-widget-image\" data-id=\"c3629be\" data-element_type=\"widget\" data-widget_type=\"image.default\">\n\t\t\t\t<div class=\"elementor-widget-container\">\n\t\t\t\t\t\t\t\t\t\t\t\t\t<img fetchpriority=\"high\" decoding=\"async\" width=\"1024\" height=\"822\" src=\"https:\/\/maisonduveloblancarde.fr\/wp-content\/uploads\/2025\/05\/louisa_velotopie-1024x822.jpg\" class=\"attachment-large size-large wp-image-710\" alt=\"\" srcset=\"https:\/\/maisonduveloblancarde.fr\/wp-content\/uploads\/2025\/05\/louisa_velotopie-1024x822.jpg 1024w, https:\/\/maisonduveloblancarde.fr\/wp-content\/uploads\/2025\/05\/louisa_velotopie-300x241.jpg 300w, https:\/\/maisonduveloblancarde.fr\/wp-content\/uploads\/2025\/05\/louisa_velotopie-768x616.jpg 768w, https:\/\/maisonduveloblancarde.fr\/wp-content\/uploads\/2025\/05\/louisa_velotopie.jpg 1214w\" sizes=\"(max-width: 1024px) 100vw, 1024px\" \/>\t\t\t\t\t\t\t\t\t\t\t\t\t<\/div>\n\t\t\t\t<\/div>\n\t\t\t\t<\/div>\n\t\t<div class=\"elementor-element elementor-element-714fd44 e-con-full e-flex e-con e-child\" data-id=\"714fd44\" data-element_type=\"container\">\n\t\t<div class=\"elementor-element elementor-element-63c457e e-con-full e-flex e-con e-child\" data-id=\"63c457e\" data-element_type=\"container\">\n\t\t\t\t<div class=\"elementor-element elementor-element-b63241b elementor-widget elementor-widget-heading\" data-id=\"b63241b\" data-element_type=\"widget\" data-widget_type=\"heading.default\">\n\t\t\t\t<div class=\"elementor-widget-container\">\n\t\t\t<style>\/*! elementor - v3.22.0 - 24-06-2024 *\/\n.elementor-heading-title{padding:0;margin:0;line-height:1}.elementor-widget-heading .elementor-heading-title[class*=elementor-size-]>a{color:inherit;font-size:inherit;line-height:inherit}.elementor-widget-heading .elementor-heading-title.elementor-size-small{font-size:15px}.elementor-widget-heading .elementor-heading-title.elementor-size-medium{font-size:19px}.elementor-widget-heading .elementor-heading-title.elementor-size-large{font-size:29px}.elementor-widget-heading .elementor-heading-title.elementor-size-xl{font-size:39px}.elementor-widget-heading .elementor-heading-title.elementor-size-xxl{font-size:59px}<\/style><h2 class=\"elementor-heading-title elementor-size-default\"><h3 data-elementor-setting-key=\"title\" data-pen-placeholder=\"\u00c9crivez ici...\" style=\"font-size: 24px; font-weight: 600; font-family: Roboto, sans-serif; letter-spacing: normal; text-transform: none; color: rgb(110, 193, 228); -webkit-text-stroke: 2px rgb(3, 177, 75); stroke-width: 2px; stroke: rgb(3, 177, 75); text-shadow: rgba(0, 0, 0, 0.3) 0px 0px 0px; text-align: justify;\">CONFERENCE GESTICULEE DE LOUISA CRISPE : VELOTOPIE, ILLUSION D'ELITE<\/h3><\/h2>\t\t<\/div>\n\t\t\t\t<\/div>\n\t\t\t\t<div class=\"elementor-element elementor-element-2ac9e00 elementor-widget elementor-widget-heading\" data-id=\"2ac9e00\" data-element_type=\"widget\" data-widget_type=\"heading.default\">\n\t\t\t\t<div class=\"elementor-widget-container\">\n\t\t\t<h2 class=\"elementor-heading-title elementor-size-default\"><h4 data-elementor-setting-key=\"title\" data-pen-placeholder=\"\u00c9crivez ici...\" style=\"font-size: 20px; font-weight: 600; font-family: Roboto, sans-serif; letter-spacing: normal; text-transform: none; color: rgb(110, 193, 228); -webkit-text-stroke: 1px rgba(92, 88, 8, 0.51); stroke-width: 1px; stroke: rgba(92, 88, 8, 0.51); text-shadow: rgba(12, 161, 42, 0.3) 0px 0px 0px; text-align: justify;\">Jeudi 12 juin \u00e0 20h \u00e0 la Maison du V\u00e9lo Marseille Blancarde<span style=\"font-size: 46px; text-align: start;\"><\/span><\/h4><\/h2>\t\t<\/div>\n\t\t\t\t<\/div>\n\t\t\t\t<div class=\"elementor-element elementor-element-4960799 elementor-widget elementor-widget-text-editor\" data-id=\"4960799\" data-element_type=\"widget\" data-widget_type=\"text-editor.default\">\n\t\t\t\t<div class=\"elementor-widget-container\">\n\t\t\t<style>\/*! elementor - v3.22.0 - 24-06-2024 *\/\n.elementor-widget-text-editor.elementor-drop-cap-view-stacked .elementor-drop-cap{background-color:#69727d;color:#fff}.elementor-widget-text-editor.elementor-drop-cap-view-framed .elementor-drop-cap{color:#69727d;border:3px solid;background-color:transparent}.elementor-widget-text-editor:not(.elementor-drop-cap-view-default) .elementor-drop-cap{margin-top:8px}.elementor-widget-text-editor:not(.elementor-drop-cap-view-default) .elementor-drop-cap-letter{width:1em;height:1em}.elementor-widget-text-editor .elementor-drop-cap{float:left;text-align:center;line-height:1;font-size:50px}.elementor-widget-text-editor .elementor-drop-cap-letter{display:inline-block}<\/style>\t\t\t\t<p>La Maison du V\u00e9lo et Cyclotopia ont le plaisir d&#8217;accueillir Louisa Crispe pour <b>sa conf\u00e9rence gesticul\u00e9e : V\u00e9lotopie, illusion d&#8217;\u00e9lite.<\/b>&nbsp;&nbsp;<\/p>\n<p>\u00c9ducatrice Mobilit\u00e9 \u00e0 V\u00e9lo questionne la solution&nbsp; \u00bbTous \u00e0 v\u00e9lo ! \u00bb, clam\u00e9e par les pouvoirs publics.&nbsp; Qui b\u00e9n\u00e9ficie des plans v\u00e9lo ?<\/p>\n<p>De la banlieue parisienne jusqu\u2019au Congo, en passant par les \u00c9tats-Unis, Louisa slalome entre ses propres histoires, l\u2019histoire et la recherche. Elle fouille dans les repr\u00e9sentations, les usages du v\u00e9lo et les politiques publiques pro-v\u00e9lo pour mettre \u00e0 jour les in\u00e9galit\u00e9s cach\u00e9es.&nbsp;<\/p>\n<p>Louisa pr\u00e9sente son analyse de privil\u00e8ges et des in\u00e9galit\u00e9s, de genre, d\u2019origine et socio-\u00e9conomiques, dans le monde du v\u00e9lo \u00e0 partir de ses v\u00e9cus sur le terrain en tant que \u00e9ducatrice mobilit\u00e9 \u00e0 v\u00e9lo, ses observations sur des dispositifs pro-v\u00e9lo mis en place par les pouvoirs publics, des extraits illustratifs de l\u2019histoire du v\u00e9lo, des extraits et points de vue choisis des \u00e9tudes et des recherches.<\/p>\n<p>Une conf\u00e9rence gesticul\u00e9e engag\u00e9e, vivante, des fois comique et d\u00e9rangeante, autour de son m\u00e9tier et qu\u2019elle esp\u00e8re partager dans une optique de bousculer nos \u00e9vidences et d\u2019inciter \u00e0 r\u00e9fl\u00e9chir ensemble sur comment mieux d\u00e9mocratiser le v\u00e9lo.<\/p><p>Cet \u00e9v\u00e9nement s&#8217;inscrit dans le cadre des <b>72h de l&#8217;\u00e9cologie.&nbsp;<\/b><b>Ev\u00e9nement gratuit et ouvert \u00e0 toutes et tous. Inscription recommand\u00e9e (<a href=\"https:\/\/www.helloasso.com\/associations\/cyclotopia\/evenements\/conference-gesticulee-velotopie-illusion-d-elite\">lien<\/a>)<\/b><\/p>\t\t\t\t\t\t<\/div>\n\t\t\t\t<\/div>\n\t\t\t\t<\/div>\n\t\t\t\t<\/div>\n\t\t\t\t\t<\/div>\n\t\t\t\t<\/div>\n\t\t\t\t<\/div>\n\t\t","protected":false},"excerpt":{"rendered":"<p>CONFERENCE GESTICULEE DE LOUISA CRISPE : VELOTOPIE, ILLUSION D&#8217;ELITE Jeudi 12 juin \u00e0 20h \u00e0 la Maison du V\u00e9lo Marseille Blancarde La Maison du V\u00e9lo et Cyclotopia ont le plaisir d&#8217;accueillir Louisa Crispe pour sa conf\u00e9rence gesticul\u00e9e : V\u00e9lotopie, illusion d&#8217;\u00e9lite.&nbsp;&nbsp; \u00c9ducatrice Mobilit\u00e9 \u00e0 V\u00e9lo questionne la solution&nbsp; \u00bbTous \u00e0 v\u00e9lo ! \u00bb, clam\u00e9e par&hellip;&nbsp;<a href=\"https:\/\/maisonduveloblancarde.fr\/?page_id=708\" class=\"\" rel=\"bookmark\">Read More &raquo;<span class=\"screen-reader-text\">Conf\u00e9rence Gesticul\u00e9e &#8211; V\u00e9lotopie, illusion d&#8217;\u00e9lite<\/span><\/a><\/p>\n","protected":false},"author":4,"featured_media":710,"parent":309,"menu_order":0,"comment_status":"closed","ping_status":"closed","template":"page-templates\/template-pagebuilder-full-width.php","meta":{"neve_meta_sidebar":"","neve_meta_container":"","neve_meta_enable_content_width":"","neve_meta_content_width":0,"neve_meta_title_alignment":"","neve_meta_author_avatar":"","neve_post_elements_order":"","neve_meta_disable_header":"","neve_meta_disable_footer":"","neve_meta_disable_title":"","_themeisle_gutenberg_block_has_review":false,"_ti_tpc_template_sync":false,"_ti_tpc_template_id":"","footnotes":""},"yoast_head":"<!-- This site is optimized with the Yoast SEO plugin v22.6 - https:\/\/yoast.com\/wordpress\/plugins\/seo\/ -->\n<title>Conf\u00e9rence Gesticul\u00e9e - V\u00e9lotopie, illusion d&#039;\u00e9lite -<\/title>\n<meta name=\"robots\" content=\"index, follow, max-snippet:-1, max-image-preview:large, max-video-preview:-1\" \/>\n<link rel=\"canonical\" href=\"https:\/\/maisonduveloblancarde.fr\/?page_id=708\" \/>\n<meta property=\"og:locale\" content=\"en_US\" \/>\n<meta property=\"og:type\" content=\"article\" \/>\n<meta property=\"og:title\" content=\"Conf\u00e9rence Gesticul\u00e9e - V\u00e9lotopie, illusion d&#039;\u00e9lite -\" \/>\n<meta property=\"og:description\" content=\"CONFERENCE GESTICULEE DE LOUISA CRISPE : VELOTOPIE, ILLUSION D&#8217;ELITE Jeudi 12 juin \u00e0 20h \u00e0 la Maison du V\u00e9lo Marseille Blancarde La Maison du V\u00e9lo et Cyclotopia ont le plaisir d&#8217;accueillir Louisa Crispe pour sa conf\u00e9rence gesticul\u00e9e : V\u00e9lotopie, illusion d&#8217;\u00e9lite.&nbsp;&nbsp; \u00c9ducatrice Mobilit\u00e9 \u00e0 V\u00e9lo questionne la solution&nbsp; \u00bbTous \u00e0 v\u00e9lo ! \u00bb, clam\u00e9e par&hellip;&nbsp;Read More &raquo;Conf\u00e9rence Gesticul\u00e9e &#8211; V\u00e9lotopie, illusion d&#8217;\u00e9lite\" \/>\n<meta property=\"og:url\" content=\"https:\/\/maisonduveloblancarde.fr\/?page_id=708\" \/>\n<meta property=\"article:modified_time\" content=\"2025-07-16T17:56:19+00:00\" \/>\n<meta property=\"og:image\" content=\"http:\/\/maisonduveloblancarde.fr\/wp-content\/uploads\/2025\/05\/louisa_velotopie.jpg\" \/>\n\t<meta property=\"og:image:width\" content=\"1214\" \/>\n\t<meta property=\"og:image:height\" content=\"974\" \/>\n\t<meta property=\"og:image:type\" content=\"image\/jpeg\" \/>\n<meta name=\"twitter:card\" content=\"summary_large_image\" \/>\n<meta name=\"twitter:label1\" content=\"Est. reading time\" \/>\n\t<meta name=\"twitter:data1\" content=\"2 minutes\" \/>\n<script type=\"application\/ld+json\" class=\"yoast-schema-graph\">{\"@context\":\"https:\/\/schema.org\",\"@graph\":[{\"@type\":\"WebPage\",\"@id\":\"https:\/\/maisonduveloblancarde.fr\/?page_id=708\",\"url\":\"https:\/\/maisonduveloblancarde.fr\/?page_id=708\",\"name\":\"Conf\u00e9rence Gesticul\u00e9e - V\u00e9lotopie, illusion d'\u00e9lite -\",\"isPartOf\":{\"@id\":\"https:\/\/maisonduveloblancarde.fr\/#website\"},\"primaryImageOfPage\":{\"@id\":\"https:\/\/maisonduveloblancarde.fr\/?page_id=708#primaryimage\"},\"image\":{\"@id\":\"https:\/\/maisonduveloblancarde.fr\/?page_id=708#primaryimage\"},\"thumbnailUrl\":\"https:\/\/maisonduveloblancarde.fr\/wp-content\/uploads\/2025\/05\/louisa_velotopie.jpg\",\"datePublished\":\"2025-05-16T14:25:40+00:00\",\"dateModified\":\"2025-07-16T17:56:19+00:00\",\"breadcrumb\":{\"@id\":\"https:\/\/maisonduveloblancarde.fr\/?page_id=708#breadcrumb\"},\"inLanguage\":\"en-US\",\"potentialAction\":[{\"@type\":\"ReadAction\",\"target\":[\"https:\/\/maisonduveloblancarde.fr\/?page_id=708\"]}]},{\"@type\":\"ImageObject\",\"inLanguage\":\"en-US\",\"@id\":\"https:\/\/maisonduveloblancarde.fr\/?page_id=708#primaryimage\",\"url\":\"https:\/\/maisonduveloblancarde.fr\/wp-content\/uploads\/2025\/05\/louisa_velotopie.jpg\",\"contentUrl\":\"https:\/\/maisonduveloblancarde.fr\/wp-content\/uploads\/2025\/05\/louisa_velotopie.jpg\",\"width\":1214,\"height\":974},{\"@type\":\"BreadcrumbList\",\"@id\":\"https:\/\/maisonduveloblancarde.fr\/?page_id=708#breadcrumb\",\"itemListElement\":[{\"@type\":\"ListItem\",\"position\":1,\"name\":\"Accueil\",\"item\":\"https:\/\/maisonduveloblancarde.fr\/\"},{\"@type\":\"ListItem\",\"position\":2,\"name\":\"Home\",\"item\":\"https:\/\/maisonduveloblancarde.fr\/\"},{\"@type\":\"ListItem\",\"position\":3,\"name\":\"Conf\u00e9rence Gesticul\u00e9e &#8211; V\u00e9lotopie, illusion d&rsquo;\u00e9lite\"}]},{\"@type\":\"WebSite\",\"@id\":\"https:\/\/maisonduveloblancarde.fr\/#website\",\"url\":\"https:\/\/maisonduveloblancarde.fr\/\",\"name\":\"\",\"description\":\"\",\"potentialAction\":[{\"@type\":\"SearchAction\",\"target\":{\"@type\":\"EntryPoint\",\"urlTemplate\":\"https:\/\/maisonduveloblancarde.fr\/?s={search_term_string}\"},\"query-input\":\"required name=search_term_string\"}],\"inLanguage\":\"en-US\"}]}<\/script>\n<!-- \/ Yoast SEO plugin. -->","yoast_head_json":{"title":"Conf\u00e9rence Gesticul\u00e9e - V\u00e9lotopie, illusion d'\u00e9lite -","robots":{"index":"index","follow":"follow","max-snippet":"max-snippet:-1","max-image-preview":"max-image-preview:large","max-video-preview":"max-video-preview:-1"},"canonical":"https:\/\/maisonduveloblancarde.fr\/?page_id=708","og_locale":"en_US","og_type":"article","og_title":"Conf\u00e9rence Gesticul\u00e9e - V\u00e9lotopie, illusion d'\u00e9lite -","og_description":"CONFERENCE GESTICULEE DE LOUISA CRISPE : VELOTOPIE, ILLUSION D&#8217;ELITE Jeudi 12 juin \u00e0 20h \u00e0 la Maison du V\u00e9lo Marseille Blancarde La Maison du V\u00e9lo et Cyclotopia ont le plaisir d&#8217;accueillir Louisa Crispe pour sa conf\u00e9rence gesticul\u00e9e : V\u00e9lotopie, illusion d&#8217;\u00e9lite.&nbsp;&nbsp; \u00c9ducatrice Mobilit\u00e9 \u00e0 V\u00e9lo questionne la solution&nbsp; \u00bbTous \u00e0 v\u00e9lo ! \u00bb, clam\u00e9e par&hellip;&nbsp;Read More &raquo;Conf\u00e9rence Gesticul\u00e9e &#8211; V\u00e9lotopie, illusion d&#8217;\u00e9lite","og_url":"https:\/\/maisonduveloblancarde.fr\/?page_id=708","article_modified_time":"2025-07-16T17:56:19+00:00","og_image":[{"width":1214,"height":974,"url":"http:\/\/maisonduveloblancarde.fr\/wp-content\/uploads\/2025\/05\/louisa_velotopie.jpg","type":"image\/jpeg"}],"twitter_card":"summary_large_image","twitter_misc":{"Est. reading time":"2 minutes"},"schema":{"@context":"https:\/\/schema.org","@graph":[{"@type":"WebPage","@id":"https:\/\/maisonduveloblancarde.fr\/?page_id=708","url":"https:\/\/maisonduveloblancarde.fr\/?page_id=708","name":"Conf\u00e9rence Gesticul\u00e9e - V\u00e9lotopie, illusion d'\u00e9lite -","isPartOf":{"@id":"https:\/\/maisonduveloblancarde.fr\/#website"},"primaryImageOfPage":{"@id":"https:\/\/maisonduveloblancarde.fr\/?page_id=708#primaryimage"},"image":{"@id":"https:\/\/maisonduveloblancarde.fr\/?page_id=708#primaryimage"},"thumbnailUrl":"https:\/\/maisonduveloblancarde.fr\/wp-content\/uploads\/2025\/05\/louisa_velotopie.jpg","datePublished":"2025-05-16T14:25:40+00:00","dateModified":"2025-07-16T17:56:19+00:00","breadcrumb":{"@id":"https:\/\/maisonduveloblancarde.fr\/?page_id=708#breadcrumb"},"inLanguage":"en-US","potentialAction":[{"@type":"ReadAction","target":["https:\/\/maisonduveloblancarde.fr\/?page_id=708"]}]},{"@type":"ImageObject","inLanguage":"en-US","@id":"https:\/\/maisonduveloblancarde.fr\/?page_id=708#primaryimage","url":"https:\/\/maisonduveloblancarde.fr\/wp-content\/uploads\/2025\/05\/louisa_velotopie.jpg","contentUrl":"https:\/\/maisonduveloblancarde.fr\/wp-content\/uploads\/2025\/05\/louisa_velotopie.jpg","width":1214,"height":974},{"@type":"BreadcrumbList","@id":"https:\/\/maisonduveloblancarde.fr\/?page_id=708#breadcrumb","itemListElement":[{"@type":"ListItem","position":1,"name":"Accueil","item":"https:\/\/maisonduveloblancarde.fr\/"},{"@type":"ListItem","position":2,"name":"Home","item":"https:\/\/maisonduveloblancarde.fr\/"},{"@type":"ListItem","position":3,"name":"Conf\u00e9rence Gesticul\u00e9e &#8211; V\u00e9lotopie, illusion d&rsquo;\u00e9lite"}]},{"@type":"WebSite","@id":"https:\/\/maisonduveloblancarde.fr\/#website","url":"https:\/\/maisonduveloblancarde.fr\/","name":"","description":"","potentialAction":[{"@type":"SearchAction","target":{"@type":"EntryPoint","urlTemplate":"https:\/\/maisonduveloblancarde.fr\/?s={search_term_string}"},"query-input":"required name=search_term_string"}],"inLanguage":"en-US"}]}},"_links":{"self":[{"href":"https:\/\/maisonduveloblancarde.fr\/index.php?rest_route=\/wp\/v2\/pages\/708"}],"collection":[{"href":"https:\/\/maisonduveloblancarde.fr\/index.php?rest_route=\/wp\/v2\/pages"}],"about":[{"href":"https:\/\/maisonduveloblancarde.fr\/index.php?rest_route=\/wp\/v2\/types\/page"}],"author":[{"embeddable":true,"href":"https:\/\/maisonduveloblancarde.fr\/index.php?rest_route=\/wp\/v2\/users\/4"}],"replies":[{"embeddable":true,"href":"https:\/\/maisonduveloblancarde.fr\/index.php?rest_route=%2Fwp%2Fv2%2Fcomments&post=708"}],"version-history":[{"count":16,"href":"https:\/\/maisonduveloblancarde.fr\/index.php?rest_route=\/wp\/v2\/pages\/708\/revisions"}],"predecessor-version":[{"id":832,"href":"https:\/\/maisonduveloblancarde.fr\/index.php?rest_route=\/wp\/v2\/pages\/708\/revisions\/832"}],"up":[{"embeddable":true,"href":"https:\/\/maisonduveloblancarde.fr\/index.php?rest_route=\/wp\/v2\/pages\/309"}],"wp:featuredmedia":[{"embeddable":true,"href":"https:\/\/maisonduveloblancarde.fr\/index.php?rest_route=\/wp\/v2\/media\/710"}],"wp:attachment":[{"href":"https:\/\/maisonduveloblancarde.fr\/index.php?rest_route=%2Fwp%2Fv2%2Fmedia&parent=708"}],"curies":[{"name":"wp","href":"https:\/\/api.w.org\/{rel}","templated":true}]}}