{"id":588,"date":"2025-02-24T15:11:50","date_gmt":"2025-02-24T14:11:50","guid":{"rendered":"https:\/\/maisonduveloblancarde.fr\/?page_id=588"},"modified":"2026-03-23T17:10:33","modified_gmt":"2026-03-23T16:10:33","slug":"atelier-dauto-reparation-avec-les-ecrew-vis","status":"publish","type":"page","link":"https:\/\/maisonduveloblancarde.fr\/?page_id=588","title":{"rendered":"Atelier d&#8217;auto-r\u00e9paration avec les Ecrew-Vis"},"content":{"rendered":"\t\t<div data-elementor-type=\"wp-page\" data-elementor-id=\"588\" class=\"elementor elementor-588\">\n\t\t\t\t<div class=\"elementor-element elementor-element-9007721 e-flex e-con-boxed e-con e-parent\" data-id=\"9007721\" data-element_type=\"container\">\n\t\t\t\t\t<div class=\"e-con-inner\">\n\t\t<div class=\"elementor-element elementor-element-61b42ee e-con-full e-flex e-con e-child\" data-id=\"61b42ee\" data-element_type=\"container\">\n\t\t\t\t<div class=\"elementor-element elementor-element-846fac5 elementor-widget elementor-widget-image\" data-id=\"846fac5\" data-element_type=\"widget\" data-widget_type=\"image.default\">\n\t\t\t\t<div class=\"elementor-widget-container\">\n\t\t\t<style>\/*! elementor - v3.22.0 - 24-06-2024 *\/\n.elementor-widget-image{text-align:center}.elementor-widget-image a{display:inline-block}.elementor-widget-image a img[src$=\".svg\"]{width:48px}.elementor-widget-image img{vertical-align:middle;display:inline-block}<\/style>\t\t\t\t\t\t\t\t\t\t<img fetchpriority=\"high\" decoding=\"async\" width=\"1024\" height=\"683\" src=\"https:\/\/maisonduveloblancarde.fr\/wp-content\/uploads\/2025\/02\/WhatsApp-Image-2025-01-28-at-19.09.02-1024x683.jpeg\" class=\"attachment-large size-large wp-image-590\" alt=\"\" srcset=\"https:\/\/maisonduveloblancarde.fr\/wp-content\/uploads\/2025\/02\/WhatsApp-Image-2025-01-28-at-19.09.02-1024x683.jpeg 1024w, https:\/\/maisonduveloblancarde.fr\/wp-content\/uploads\/2025\/02\/WhatsApp-Image-2025-01-28-at-19.09.02-300x200.jpeg 300w, https:\/\/maisonduveloblancarde.fr\/wp-content\/uploads\/2025\/02\/WhatsApp-Image-2025-01-28-at-19.09.02-768x512.jpeg 768w, https:\/\/maisonduveloblancarde.fr\/wp-content\/uploads\/2025\/02\/WhatsApp-Image-2025-01-28-at-19.09.02-930x620.jpeg 930w, https:\/\/maisonduveloblancarde.fr\/wp-content\/uploads\/2025\/02\/WhatsApp-Image-2025-01-28-at-19.09.02.jpeg 1500w\" sizes=\"(max-width: 1024px) 100vw, 1024px\" \/>\t\t\t\t\t\t\t\t\t\t\t\t\t<\/div>\n\t\t\t\t<\/div>\n\t\t\t\t<\/div>\n\t\t<div class=\"elementor-element elementor-element-c90d2bb e-con-full e-flex e-con e-child\" data-id=\"c90d2bb\" data-element_type=\"container\">\n\t\t\t\t<div class=\"elementor-element elementor-element-0e84b89 elementor-widget elementor-widget-text-editor\" data-id=\"0e84b89\" data-element_type=\"widget\" data-widget_type=\"text-editor.default\">\n\t\t\t\t<div class=\"elementor-widget-container\">\n\t\t\t<style>\/*! elementor - v3.22.0 - 24-06-2024 *\/\n.elementor-widget-text-editor.elementor-drop-cap-view-stacked .elementor-drop-cap{background-color:#69727d;color:#fff}.elementor-widget-text-editor.elementor-drop-cap-view-framed .elementor-drop-cap{color:#69727d;border:3px solid;background-color:transparent}.elementor-widget-text-editor:not(.elementor-drop-cap-view-default) .elementor-drop-cap{margin-top:8px}.elementor-widget-text-editor:not(.elementor-drop-cap-view-default) .elementor-drop-cap-letter{width:1em;height:1em}.elementor-widget-text-editor .elementor-drop-cap{float:left;text-align:center;line-height:1;font-size:50px}.elementor-widget-text-editor .elementor-drop-cap-letter{display:inline-block}<\/style>\t\t\t\t<p>Qui sommes nous ? Les Ecrew-vis est un atelier v\u00e9lo associatif et participatif fond\u00e9 en 2021, par un \u00ab crew \u00bb de femmes et pluralit\u00e9s de genre. Nous organisons des permanences de r\u00e9paration conviviales et inclusives autour de la m\u00e9canique v\u00e9lo r\u00e9guli\u00e8rement.<\/p><p>Tous les lundis de 17h30 \u00e0 20h30 \u00e0 la maison du v\u00e9lo Marseille Blancarde : 32 Rue Yves Chapuis a lieu une permanence d&#8217;auto-r\u00e9paration<\/p>\t\t\t\t\t\t<\/div>\n\t\t\t\t<\/div>\n\t\t\t\t<\/div>\n\t\t\t\t\t<\/div>\n\t\t\t\t<\/div>\n\t\t\t\t<\/div>\n\t\t","protected":false},"excerpt":{"rendered":"<p>Qui sommes nous ? Les Ecrew-vis est un atelier v\u00e9lo associatif et participatif fond\u00e9 en 2021, par un \u00ab crew \u00bb de femmes et pluralit\u00e9s de genre. Nous organisons des permanences de r\u00e9paration conviviales et inclusives autour de la m\u00e9canique v\u00e9lo r\u00e9guli\u00e8rement. Tous les lundis de 17h30 \u00e0 20h30 \u00e0 la maison du v\u00e9lo Marseille&hellip;&nbsp;<a href=\"https:\/\/maisonduveloblancarde.fr\/?page_id=588\" class=\"\" rel=\"bookmark\">Read More &raquo;<span class=\"screen-reader-text\">Atelier d&#8217;auto-r\u00e9paration avec les Ecrew-Vis<\/span><\/a><\/p>\n","protected":false},"author":1,"featured_media":0,"parent":0,"menu_order":0,"comment_status":"closed","ping_status":"closed","template":"page-templates\/template-pagebuilder-full-width.php","meta":{"neve_meta_sidebar":"","neve_meta_container":"","neve_meta_enable_content_width":"","neve_meta_content_width":0,"neve_meta_title_alignment":"","neve_meta_author_avatar":"","neve_post_elements_order":"","neve_meta_disable_header":"","neve_meta_disable_footer":"","neve_meta_disable_title":"","_themeisle_gutenberg_block_has_review":false,"_ti_tpc_template_sync":false,"_ti_tpc_template_id":"","footnotes":""},"yoast_head":"<!-- This site is optimized with the Yoast SEO plugin v22.6 - https:\/\/yoast.com\/wordpress\/plugins\/seo\/ -->\n<title>Atelier d&#039;auto-r\u00e9paration avec les Ecrew-Vis -<\/title>\n<meta name=\"robots\" content=\"index, follow, max-snippet:-1, max-image-preview:large, max-video-preview:-1\" \/>\n<link rel=\"canonical\" href=\"https:\/\/maisonduveloblancarde.fr\/?page_id=588\" \/>\n<meta property=\"og:locale\" content=\"en_US\" \/>\n<meta property=\"og:type\" content=\"article\" \/>\n<meta property=\"og:title\" content=\"Atelier d&#039;auto-r\u00e9paration avec les Ecrew-Vis -\" \/>\n<meta property=\"og:description\" content=\"Qui sommes nous ? Les Ecrew-vis est un atelier v\u00e9lo associatif et participatif fond\u00e9 en 2021, par un \u00ab crew \u00bb de femmes et pluralit\u00e9s de genre. Nous organisons des permanences de r\u00e9paration conviviales et inclusives autour de la m\u00e9canique v\u00e9lo r\u00e9guli\u00e8rement. Tous les lundis de 17h30 \u00e0 20h30 \u00e0 la maison du v\u00e9lo Marseille&hellip;&nbsp;Read More &raquo;Atelier d&#8217;auto-r\u00e9paration avec les Ecrew-Vis\" \/>\n<meta property=\"og:url\" content=\"https:\/\/maisonduveloblancarde.fr\/?page_id=588\" \/>\n<meta property=\"article:modified_time\" content=\"2026-03-23T16:10:33+00:00\" \/>\n<meta property=\"og:image\" content=\"http:\/\/maisonduveloblancarde.fr\/wp-content\/uploads\/2025\/02\/WhatsApp-Image-2025-01-28-at-19.09.02-1024x683.jpeg\" \/>\n<meta name=\"twitter:card\" content=\"summary_large_image\" \/>\n<meta name=\"twitter:label1\" content=\"Est. reading time\" \/>\n\t<meta name=\"twitter:data1\" content=\"1 minute\" \/>\n<script type=\"application\/ld+json\" class=\"yoast-schema-graph\">{\"@context\":\"https:\/\/schema.org\",\"@graph\":[{\"@type\":\"WebPage\",\"@id\":\"https:\/\/maisonduveloblancarde.fr\/?page_id=588\",\"url\":\"https:\/\/maisonduveloblancarde.fr\/?page_id=588\",\"name\":\"Atelier d'auto-r\u00e9paration avec les Ecrew-Vis -\",\"isPartOf\":{\"@id\":\"https:\/\/maisonduveloblancarde.fr\/#website\"},\"primaryImageOfPage\":{\"@id\":\"https:\/\/maisonduveloblancarde.fr\/?page_id=588#primaryimage\"},\"image\":{\"@id\":\"https:\/\/maisonduveloblancarde.fr\/?page_id=588#primaryimage\"},\"thumbnailUrl\":\"http:\/\/maisonduveloblancarde.fr\/wp-content\/uploads\/2025\/02\/WhatsApp-Image-2025-01-28-at-19.09.02-1024x683.jpeg\",\"datePublished\":\"2025-02-24T14:11:50+00:00\",\"dateModified\":\"2026-03-23T16:10:33+00:00\",\"breadcrumb\":{\"@id\":\"https:\/\/maisonduveloblancarde.fr\/?page_id=588#breadcrumb\"},\"inLanguage\":\"en-US\",\"potentialAction\":[{\"@type\":\"ReadAction\",\"target\":[\"https:\/\/maisonduveloblancarde.fr\/?page_id=588\"]}]},{\"@type\":\"ImageObject\",\"inLanguage\":\"en-US\",\"@id\":\"https:\/\/maisonduveloblancarde.fr\/?page_id=588#primaryimage\",\"url\":\"https:\/\/maisonduveloblancarde.fr\/wp-content\/uploads\/2025\/02\/WhatsApp-Image-2025-01-28-at-19.09.02.jpeg\",\"contentUrl\":\"https:\/\/maisonduveloblancarde.fr\/wp-content\/uploads\/2025\/02\/WhatsApp-Image-2025-01-28-at-19.09.02.jpeg\",\"width\":1500,\"height\":1000},{\"@type\":\"BreadcrumbList\",\"@id\":\"https:\/\/maisonduveloblancarde.fr\/?page_id=588#breadcrumb\",\"itemListElement\":[{\"@type\":\"ListItem\",\"position\":1,\"name\":\"Accueil\",\"item\":\"https:\/\/maisonduveloblancarde.fr\/\"},{\"@type\":\"ListItem\",\"position\":2,\"name\":\"Atelier d&#8217;auto-r\u00e9paration avec les Ecrew-Vis\"}]},{\"@type\":\"WebSite\",\"@id\":\"https:\/\/maisonduveloblancarde.fr\/#website\",\"url\":\"https:\/\/maisonduveloblancarde.fr\/\",\"name\":\"\",\"description\":\"\",\"potentialAction\":[{\"@type\":\"SearchAction\",\"target\":{\"@type\":\"EntryPoint\",\"urlTemplate\":\"https:\/\/maisonduveloblancarde.fr\/?s={search_term_string}\"},\"query-input\":\"required name=search_term_string\"}],\"inLanguage\":\"en-US\"}]}<\/script>\n<!-- \/ Yoast SEO plugin. -->","yoast_head_json":{"title":"Atelier d'auto-r\u00e9paration avec les Ecrew-Vis -","robots":{"index":"index","follow":"follow","max-snippet":"max-snippet:-1","max-image-preview":"max-image-preview:large","max-video-preview":"max-video-preview:-1"},"canonical":"https:\/\/maisonduveloblancarde.fr\/?page_id=588","og_locale":"en_US","og_type":"article","og_title":"Atelier d'auto-r\u00e9paration avec les Ecrew-Vis -","og_description":"Qui sommes nous ? Les Ecrew-vis est un atelier v\u00e9lo associatif et participatif fond\u00e9 en 2021, par un \u00ab crew \u00bb de femmes et pluralit\u00e9s de genre. Nous organisons des permanences de r\u00e9paration conviviales et inclusives autour de la m\u00e9canique v\u00e9lo r\u00e9guli\u00e8rement. Tous les lundis de 17h30 \u00e0 20h30 \u00e0 la maison du v\u00e9lo Marseille&hellip;&nbsp;Read More &raquo;Atelier d&#8217;auto-r\u00e9paration avec les Ecrew-Vis","og_url":"https:\/\/maisonduveloblancarde.fr\/?page_id=588","article_modified_time":"2026-03-23T16:10:33+00:00","og_image":[{"url":"http:\/\/maisonduveloblancarde.fr\/wp-content\/uploads\/2025\/02\/WhatsApp-Image-2025-01-28-at-19.09.02-1024x683.jpeg"}],"twitter_card":"summary_large_image","twitter_misc":{"Est. reading time":"1 minute"},"schema":{"@context":"https:\/\/schema.org","@graph":[{"@type":"WebPage","@id":"https:\/\/maisonduveloblancarde.fr\/?page_id=588","url":"https:\/\/maisonduveloblancarde.fr\/?page_id=588","name":"Atelier d'auto-r\u00e9paration avec les Ecrew-Vis -","isPartOf":{"@id":"https:\/\/maisonduveloblancarde.fr\/#website"},"primaryImageOfPage":{"@id":"https:\/\/maisonduveloblancarde.fr\/?page_id=588#primaryimage"},"image":{"@id":"https:\/\/maisonduveloblancarde.fr\/?page_id=588#primaryimage"},"thumbnailUrl":"http:\/\/maisonduveloblancarde.fr\/wp-content\/uploads\/2025\/02\/WhatsApp-Image-2025-01-28-at-19.09.02-1024x683.jpeg","datePublished":"2025-02-24T14:11:50+00:00","dateModified":"2026-03-23T16:10:33+00:00","breadcrumb":{"@id":"https:\/\/maisonduveloblancarde.fr\/?page_id=588#breadcrumb"},"inLanguage":"en-US","potentialAction":[{"@type":"ReadAction","target":["https:\/\/maisonduveloblancarde.fr\/?page_id=588"]}]},{"@type":"ImageObject","inLanguage":"en-US","@id":"https:\/\/maisonduveloblancarde.fr\/?page_id=588#primaryimage","url":"https:\/\/maisonduveloblancarde.fr\/wp-content\/uploads\/2025\/02\/WhatsApp-Image-2025-01-28-at-19.09.02.jpeg","contentUrl":"https:\/\/maisonduveloblancarde.fr\/wp-content\/uploads\/2025\/02\/WhatsApp-Image-2025-01-28-at-19.09.02.jpeg","width":1500,"height":1000},{"@type":"BreadcrumbList","@id":"https:\/\/maisonduveloblancarde.fr\/?page_id=588#breadcrumb","itemListElement":[{"@type":"ListItem","position":1,"name":"Accueil","item":"https:\/\/maisonduveloblancarde.fr\/"},{"@type":"ListItem","position":2,"name":"Atelier d&#8217;auto-r\u00e9paration avec les Ecrew-Vis"}]},{"@type":"WebSite","@id":"https:\/\/maisonduveloblancarde.fr\/#website","url":"https:\/\/maisonduveloblancarde.fr\/","name":"","description":"","potentialAction":[{"@type":"SearchAction","target":{"@type":"EntryPoint","urlTemplate":"https:\/\/maisonduveloblancarde.fr\/?s={search_term_string}"},"query-input":"required name=search_term_string"}],"inLanguage":"en-US"}]}},"_links":{"self":[{"href":"https:\/\/maisonduveloblancarde.fr\/index.php?rest_route=\/wp\/v2\/pages\/588"}],"collection":[{"href":"https:\/\/maisonduveloblancarde.fr\/index.php?rest_route=\/wp\/v2\/pages"}],"about":[{"href":"https:\/\/maisonduveloblancarde.fr\/index.php?rest_route=\/wp\/v2\/types\/page"}],"author":[{"embeddable":true,"href":"https:\/\/maisonduveloblancarde.fr\/index.php?rest_route=\/wp\/v2\/users\/1"}],"replies":[{"embeddable":true,"href":"https:\/\/maisonduveloblancarde.fr\/index.php?rest_route=%2Fwp%2Fv2%2Fcomments&post=588"}],"version-history":[{"count":7,"href":"https:\/\/maisonduveloblancarde.fr\/index.php?rest_route=\/wp\/v2\/pages\/588\/revisions"}],"predecessor-version":[{"id":953,"href":"https:\/\/maisonduveloblancarde.fr\/index.php?rest_route=\/wp\/v2\/pages\/588\/revisions\/953"}],"wp:attachment":[{"href":"https:\/\/maisonduveloblancarde.fr\/index.php?rest_route=%2Fwp%2Fv2%2Fmedia&parent=588"}],"curies":[{"name":"wp","href":"https:\/\/api.w.org\/{rel}","templated":true}]}}