{"id":309,"date":"2020-01-13T11:17:52","date_gmt":"2020-01-13T11:17:52","guid":{"rendered":"https:\/\/demosites.io\/web-agency-gb\/?page_id=5"},"modified":"2026-04-28T17:20:48","modified_gmt":"2026-04-28T15:20:48","slug":"15c42-web-agency-gb-home","status":"publish","type":"page","link":"https:\/\/maisonduveloblancarde.fr\/","title":{"rendered":"Home"},"content":{"rendered":"\t\t<div data-elementor-type=\"wp-page\" data-elementor-id=\"309\" class=\"elementor elementor-309\">\n\t\t\t\t<div class=\"elementor-element elementor-element-e45484b e-con-full e-flex e-con e-parent\" data-id=\"e45484b\" data-element_type=\"container\" data-settings=\"{&quot;background_background&quot;:&quot;classic&quot;}\">\n\t\t<div class=\"elementor-element elementor-element-59bb14f e-con-full e-flex e-con e-child\" data-id=\"59bb14f\" data-element_type=\"container\">\n\t\t\t\t<div class=\"elementor-element elementor-element-24ad810 elementor-widget elementor-widget-spacer\" data-id=\"24ad810\" data-element_type=\"widget\" data-widget_type=\"spacer.default\">\n\t\t\t\t<div class=\"elementor-widget-container\">\n\t\t\t<style>\/*! elementor - v3.22.0 - 24-06-2024 *\/\n.elementor-column .elementor-spacer-inner{height:var(--spacer-size)}.e-con{--container-widget-width:100%}.e-con-inner>.elementor-widget-spacer,.e-con>.elementor-widget-spacer{width:var(--container-widget-width,var(--spacer-size));--align-self:var(--container-widget-align-self,initial);--flex-shrink:0}.e-con-inner>.elementor-widget-spacer>.elementor-widget-container,.e-con>.elementor-widget-spacer>.elementor-widget-container{height:100%;width:100%}.e-con-inner>.elementor-widget-spacer>.elementor-widget-container>.elementor-spacer,.e-con>.elementor-widget-spacer>.elementor-widget-container>.elementor-spacer{height:100%}.e-con-inner>.elementor-widget-spacer>.elementor-widget-container>.elementor-spacer>.elementor-spacer-inner,.e-con>.elementor-widget-spacer>.elementor-widget-container>.elementor-spacer>.elementor-spacer-inner{height:var(--container-widget-height,var(--spacer-size))}.e-con-inner>.elementor-widget-spacer.elementor-widget-empty,.e-con>.elementor-widget-spacer.elementor-widget-empty{position:relative;min-height:22px;min-width:22px}.e-con-inner>.elementor-widget-spacer.elementor-widget-empty .elementor-widget-empty-icon,.e-con>.elementor-widget-spacer.elementor-widget-empty .elementor-widget-empty-icon{position:absolute;top:0;bottom:0;left:0;right:0;margin:auto;padding:0;width:22px;height:22px}<\/style>\t\t<div class=\"elementor-spacer\">\n\t\t\t<div class=\"elementor-spacer-inner\"><\/div>\n\t\t<\/div>\n\t\t\t\t<\/div>\n\t\t\t\t<\/div>\n\t\t\t\t<div class=\"elementor-element elementor-element-22686b3 elementor-widget__width-initial elementor-widget elementor-widget-heading\" data-id=\"22686b3\" data-element_type=\"widget\" data-widget_type=\"heading.default\">\n\t\t\t\t<div class=\"elementor-widget-container\">\n\t\t\t<style>\/*! elementor - v3.22.0 - 24-06-2024 *\/\n.elementor-heading-title{padding:0;margin:0;line-height:1}.elementor-widget-heading .elementor-heading-title[class*=elementor-size-]>a{color:inherit;font-size:inherit;line-height:inherit}.elementor-widget-heading .elementor-heading-title.elementor-size-small{font-size:15px}.elementor-widget-heading .elementor-heading-title.elementor-size-medium{font-size:19px}.elementor-widget-heading .elementor-heading-title.elementor-size-large{font-size:29px}.elementor-widget-heading .elementor-heading-title.elementor-size-xl{font-size:39px}.elementor-widget-heading .elementor-heading-title.elementor-size-xxl{font-size:59px}<\/style><h2 class=\"elementor-heading-title elementor-size-default\">La Maison du V\u00e9lo est ouverte<\/h2>\t\t<\/div>\n\t\t\t\t<\/div>\n\t\t\t\t<div class=\"elementor-element elementor-element-ebdb382 elementor-widget elementor-widget-heading\" data-id=\"ebdb382\" data-element_type=\"widget\" data-widget_type=\"heading.default\">\n\t\t\t\t<div class=\"elementor-widget-container\">\n\t\t\t<h3 class=\"elementor-heading-title elementor-size-default\">La Maison du V\u00e9lo Marseille Blancarde est un lieu inter-associatif autour des pratiques du v\u00e9lo. Initi\u00e9 et soutenu par la Mairie du 4\u00e8me et 5\u00e8me arrondissement, ce lieu est ouvert \u00e0 tous et toutes, la plupart des activit\u00e9s \u00e9tant gratuites. C'est un lieu imagin\u00e9 comme un lieu de vie, de partage et d'apprentissage autour du v\u00e9lo.<\/h3>\t\t<\/div>\n\t\t\t\t<\/div>\n\t\t\t\t<div class=\"elementor-element elementor-element-917457d elementor-widget elementor-widget-heading\" data-id=\"917457d\" data-element_type=\"widget\" data-widget_type=\"heading.default\">\n\t\t\t\t<div class=\"elementor-widget-container\">\n\t\t\t<h4 class=\"elementor-heading-title elementor-size-default\">La Maison du v\u00e9lo est au 32 rue Yves Chapuis 13004 Marseille. Elle est ouverte seulement pendant les \u00e9v\u00e9nements ouverts au publics !<\/h4>\t\t<\/div>\n\t\t\t\t<\/div>\n\t\t\t\t<div class=\"elementor-element elementor-element-bb0f82c elementor-widget elementor-widget-spacer\" data-id=\"bb0f82c\" data-element_type=\"widget\" data-widget_type=\"spacer.default\">\n\t\t\t\t<div class=\"elementor-widget-container\">\n\t\t\t\t\t<div class=\"elementor-spacer\">\n\t\t\t<div class=\"elementor-spacer-inner\"><\/div>\n\t\t<\/div>\n\t\t\t\t<\/div>\n\t\t\t\t<\/div>\n\t\t\t\t<\/div>\n\t\t<div class=\"elementor-element elementor-element-d586505 e-con-full e-flex e-con e-child\" data-id=\"d586505\" data-element_type=\"container\">\n\t\t\t\t<div class=\"elementor-element elementor-element-588da0e elementor-widget elementor-widget-spacer\" data-id=\"588da0e\" data-element_type=\"widget\" data-widget_type=\"spacer.default\">\n\t\t\t\t<div class=\"elementor-widget-container\">\n\t\t\t\t\t<div class=\"elementor-spacer\">\n\t\t\t<div class=\"elementor-spacer-inner\"><\/div>\n\t\t<\/div>\n\t\t\t\t<\/div>\n\t\t\t\t<\/div>\n\t\t\t\t<\/div>\n\t\t\t\t<\/div>\n\t\t<div class=\"elementor-element elementor-element-1ad9715 e-flex e-con-boxed e-con e-parent\" data-id=\"1ad9715\" data-element_type=\"container\">\n\t\t\t\t\t<div class=\"e-con-inner\">\n\t\t\t\t<div class=\"elementor-element elementor-element-f593ace elementor-widget elementor-widget-spacer\" data-id=\"f593ace\" data-element_type=\"widget\" data-widget_type=\"spacer.default\">\n\t\t\t\t<div class=\"elementor-widget-container\">\n\t\t\t\t\t<div class=\"elementor-spacer\">\n\t\t\t<div class=\"elementor-spacer-inner\"><\/div>\n\t\t<\/div>\n\t\t\t\t<\/div>\n\t\t\t\t<\/div>\n\t\t\t\t<div class=\"elementor-element elementor-element-798590a elementor-widget__width-initial elementor-widget elementor-widget-heading\" data-id=\"798590a\" data-element_type=\"widget\" data-widget_type=\"heading.default\">\n\t\t\t\t<div class=\"elementor-widget-container\">\n\t\t\t<h2 class=\"elementor-heading-title elementor-size-default\">Prochains \u00e9v\u00e9nements<\/h2>\t\t<\/div>\n\t\t\t\t<\/div>\n\t\t\t\t\t<\/div>\n\t\t\t\t<\/div>\n\t\t<div class=\"elementor-element elementor-element-4e8846f e-flex e-con-boxed e-con e-parent\" data-id=\"4e8846f\" data-element_type=\"container\">\n\t\t\t\t\t<div class=\"e-con-inner\">\n\t\t<div class=\"elementor-element elementor-element-c3b9de6 e-con-full e-flex e-con e-child\" data-id=\"c3b9de6\" data-element_type=\"container\">\n\t\t\t\t<div class=\"elementor-element elementor-element-5f9caf7 elementor-widget elementor-widget-image\" data-id=\"5f9caf7\" data-element_type=\"widget\" data-widget_type=\"image.default\">\n\t\t\t\t<div class=\"elementor-widget-container\">\n\t\t\t<style>\/*! elementor - v3.22.0 - 24-06-2024 *\/\n.elementor-widget-image{text-align:center}.elementor-widget-image a{display:inline-block}.elementor-widget-image a img[src$=\".svg\"]{width:48px}.elementor-widget-image img{vertical-align:middle;display:inline-block}<\/style>\t\t\t\t\t\t\t\t\t\t\t<a href=\"https:\/\/maisonduveloblancarde.fr\/?page_id=956\">\n\t\t\t\t\t\t\t<img fetchpriority=\"high\" decoding=\"async\" width=\"724\" height=\"1024\" src=\"https:\/\/maisonduveloblancarde.fr\/wp-content\/uploads\/2026\/04\/concert-724x1024.png\" class=\"attachment-large size-large wp-image-961\" alt=\"\" srcset=\"https:\/\/maisonduveloblancarde.fr\/wp-content\/uploads\/2026\/04\/concert-724x1024.png 724w, https:\/\/maisonduveloblancarde.fr\/wp-content\/uploads\/2026\/04\/concert-212x300.png 212w, https:\/\/maisonduveloblancarde.fr\/wp-content\/uploads\/2026\/04\/concert-768x1086.png 768w, https:\/\/maisonduveloblancarde.fr\/wp-content\/uploads\/2026\/04\/concert-1086x1536.png 1086w, https:\/\/maisonduveloblancarde.fr\/wp-content\/uploads\/2026\/04\/concert.png 1414w\" sizes=\"(max-width: 724px) 100vw, 724px\" \/>\t\t\t\t\t\t\t\t<\/a>\n\t\t\t\t\t\t\t\t\t\t\t\t\t<\/div>\n\t\t\t\t<\/div>\n\t\t\t\t<\/div>\n\t\t<div class=\"elementor-element elementor-element-929af04 e-con-full e-flex e-con e-child\" data-id=\"929af04\" data-element_type=\"container\">\n\t\t\t\t<\/div>\n\t\t<div class=\"elementor-element elementor-element-2660a3a e-con-full e-flex e-con e-child\" data-id=\"2660a3a\" data-element_type=\"container\">\n\t\t\t\t<\/div>\n\t\t\t\t\t<\/div>\n\t\t\t\t<\/div>\n\t\t<div class=\"elementor-element elementor-element-ba333b9 e-flex e-con-boxed e-con e-parent\" data-id=\"ba333b9\" data-element_type=\"container\">\n\t\t\t\t\t<div class=\"e-con-inner\">\n\t\t\t\t<div class=\"elementor-element elementor-element-35626ab elementor-widget elementor-widget-spacer\" data-id=\"35626ab\" data-element_type=\"widget\" data-widget_type=\"spacer.default\">\n\t\t\t\t<div class=\"elementor-widget-container\">\n\t\t\t\t\t<div class=\"elementor-spacer\">\n\t\t\t<div class=\"elementor-spacer-inner\"><\/div>\n\t\t<\/div>\n\t\t\t\t<\/div>\n\t\t\t\t<\/div>\n\t\t\t\t<div class=\"elementor-element elementor-element-282c294 elementor-widget__width-initial elementor-widget elementor-widget-heading\" data-id=\"282c294\" data-element_type=\"widget\" data-widget_type=\"heading.default\">\n\t\t\t\t<div class=\"elementor-widget-container\">\n\t\t\t<h2 class=\"elementor-heading-title elementor-size-default\">Chaque semaine <\/h2>\t\t<\/div>\n\t\t\t\t<\/div>\n\t\t\t\t\t<\/div>\n\t\t\t\t<\/div>\n\t\t<div class=\"elementor-element elementor-element-81ff5ae e-grid e-con-boxed e-con e-parent\" data-id=\"81ff5ae\" data-element_type=\"container\" data-settings=\"{&quot;background_background&quot;:&quot;classic&quot;}\">\n\t\t\t\t\t<div class=\"e-con-inner\">\n\t\t\t\t<div class=\"elementor-element elementor-element-2498b7d elementor-widget elementor-widget-image\" data-id=\"2498b7d\" data-element_type=\"widget\" data-widget_type=\"image.default\">\n\t\t\t\t<div class=\"elementor-widget-container\">\n\t\t\t\t\t\t\t\t\t\t\t\t\t\t<a href=\"https:\/\/maisonduveloblancarde.fr\/?page_id=588\">\n\t\t\t\t\t\t\t<img decoding=\"async\" width=\"1024\" height=\"684\" src=\"https:\/\/maisonduveloblancarde.fr\/wp-content\/uploads\/2025\/05\/Copie-de-Templates-Maison-Du-Velo5-1024x684.png\" class=\"attachment-large size-large wp-image-796\" alt=\"\" srcset=\"https:\/\/maisonduveloblancarde.fr\/wp-content\/uploads\/2025\/05\/Copie-de-Templates-Maison-Du-Velo5-1024x684.png 1024w, https:\/\/maisonduveloblancarde.fr\/wp-content\/uploads\/2025\/05\/Copie-de-Templates-Maison-Du-Velo5-300x200.png 300w, https:\/\/maisonduveloblancarde.fr\/wp-content\/uploads\/2025\/05\/Copie-de-Templates-Maison-Du-Velo5-768x513.png 768w, https:\/\/maisonduveloblancarde.fr\/wp-content\/uploads\/2025\/05\/Copie-de-Templates-Maison-Du-Velo5-1536x1026.png 1536w, https:\/\/maisonduveloblancarde.fr\/wp-content\/uploads\/2025\/05\/Copie-de-Templates-Maison-Du-Velo5-930x620.png 930w, https:\/\/maisonduveloblancarde.fr\/wp-content\/uploads\/2025\/05\/Copie-de-Templates-Maison-Du-Velo5.png 1992w\" sizes=\"(max-width: 1024px) 100vw, 1024px\" \/>\t\t\t\t\t\t\t\t<\/a>\n\t\t\t\t\t\t\t\t\t\t\t\t\t<\/div>\n\t\t\t\t<\/div>\n\t\t\t\t<div class=\"elementor-element elementor-element-190df35 elementor-widget elementor-widget-image\" data-id=\"190df35\" data-element_type=\"widget\" data-widget_type=\"image.default\">\n\t\t\t\t<div class=\"elementor-widget-container\">\n\t\t\t\t\t\t\t\t\t\t\t\t\t<img decoding=\"async\" width=\"1024\" height=\"684\" src=\"https:\/\/maisonduveloblancarde.fr\/wp-content\/uploads\/2025\/06\/VE-MDV-SIte-1024x684.png\" class=\"attachment-large size-large wp-image-820\" alt=\"\" srcset=\"https:\/\/maisonduveloblancarde.fr\/wp-content\/uploads\/2025\/06\/VE-MDV-SIte-1024x684.png 1024w, https:\/\/maisonduveloblancarde.fr\/wp-content\/uploads\/2025\/06\/VE-MDV-SIte-300x200.png 300w, https:\/\/maisonduveloblancarde.fr\/wp-content\/uploads\/2025\/06\/VE-MDV-SIte-768x513.png 768w, https:\/\/maisonduveloblancarde.fr\/wp-content\/uploads\/2025\/06\/VE-MDV-SIte-1536x1026.png 1536w, https:\/\/maisonduveloblancarde.fr\/wp-content\/uploads\/2025\/06\/VE-MDV-SIte-930x620.png 930w, https:\/\/maisonduveloblancarde.fr\/wp-content\/uploads\/2025\/06\/VE-MDV-SIte.png 1992w\" sizes=\"(max-width: 1024px) 100vw, 1024px\" \/>\t\t\t\t\t\t\t\t\t\t\t\t\t<\/div>\n\t\t\t\t<\/div>\n\t\t\t\t<div class=\"elementor-element elementor-element-f9e5dc9 elementor-widget elementor-widget-image\" data-id=\"f9e5dc9\" data-element_type=\"widget\" data-widget_type=\"image.default\">\n\t\t\t\t<div class=\"elementor-widget-container\">\n\t\t\t\t\t\t\t\t\t\t\t\t\t<img loading=\"lazy\" decoding=\"async\" width=\"1024\" height=\"684\" src=\"https:\/\/maisonduveloblancarde.fr\/wp-content\/uploads\/2025\/06\/REMISE-EN-SELLE-Site-MDV-1024x684.png\" class=\"attachment-large size-large wp-image-819\" alt=\"\" srcset=\"https:\/\/maisonduveloblancarde.fr\/wp-content\/uploads\/2025\/06\/REMISE-EN-SELLE-Site-MDV-1024x684.png 1024w, https:\/\/maisonduveloblancarde.fr\/wp-content\/uploads\/2025\/06\/REMISE-EN-SELLE-Site-MDV-300x200.png 300w, https:\/\/maisonduveloblancarde.fr\/wp-content\/uploads\/2025\/06\/REMISE-EN-SELLE-Site-MDV-768x513.png 768w, https:\/\/maisonduveloblancarde.fr\/wp-content\/uploads\/2025\/06\/REMISE-EN-SELLE-Site-MDV-1536x1026.png 1536w, https:\/\/maisonduveloblancarde.fr\/wp-content\/uploads\/2025\/06\/REMISE-EN-SELLE-Site-MDV-930x620.png 930w, https:\/\/maisonduveloblancarde.fr\/wp-content\/uploads\/2025\/06\/REMISE-EN-SELLE-Site-MDV.png 1992w\" sizes=\"(max-width: 1024px) 100vw, 1024px\" \/>\t\t\t\t\t\t\t\t\t\t\t\t\t<\/div>\n\t\t\t\t<\/div>\n\t\t\t\t<div class=\"elementor-element elementor-element-2819fb6 elementor-widget elementor-widget-image\" data-id=\"2819fb6\" data-element_type=\"widget\" data-widget_type=\"image.default\">\n\t\t\t\t<div class=\"elementor-widget-container\">\n\t\t\t\t\t\t\t\t\t\t\t\t\t<img loading=\"lazy\" decoding=\"async\" width=\"1024\" height=\"684\" src=\"https:\/\/maisonduveloblancarde.fr\/wp-content\/uploads\/2025\/02\/2-1024x684.png\" class=\"attachment-large size-large wp-image-564\" alt=\"\" srcset=\"https:\/\/maisonduveloblancarde.fr\/wp-content\/uploads\/2025\/02\/2-1024x684.png 1024w, https:\/\/maisonduveloblancarde.fr\/wp-content\/uploads\/2025\/02\/2-300x200.png 300w, https:\/\/maisonduveloblancarde.fr\/wp-content\/uploads\/2025\/02\/2-768x513.png 768w, https:\/\/maisonduveloblancarde.fr\/wp-content\/uploads\/2025\/02\/2-1536x1026.png 1536w, https:\/\/maisonduveloblancarde.fr\/wp-content\/uploads\/2025\/02\/2-930x620.png 930w, https:\/\/maisonduveloblancarde.fr\/wp-content\/uploads\/2025\/02\/2.png 1992w\" sizes=\"(max-width: 1024px) 100vw, 1024px\" \/>\t\t\t\t\t\t\t\t\t\t\t\t\t<\/div>\n\t\t\t\t<\/div>\n\t\t\t\t<div class=\"elementor-element elementor-element-8950fa7 elementor-widget elementor-widget-image\" data-id=\"8950fa7\" data-element_type=\"widget\" data-widget_type=\"image.default\">\n\t\t\t\t<div class=\"elementor-widget-container\">\n\t\t\t\t\t\t\t\t\t\t\t\t\t<img loading=\"lazy\" decoding=\"async\" width=\"1024\" height=\"684\" src=\"https:\/\/maisonduveloblancarde.fr\/wp-content\/uploads\/2025\/02\/3-1024x684.png\" class=\"attachment-large size-large wp-image-573\" alt=\"\" srcset=\"https:\/\/maisonduveloblancarde.fr\/wp-content\/uploads\/2025\/02\/3-1024x684.png 1024w, https:\/\/maisonduveloblancarde.fr\/wp-content\/uploads\/2025\/02\/3-300x200.png 300w, https:\/\/maisonduveloblancarde.fr\/wp-content\/uploads\/2025\/02\/3-768x513.png 768w, https:\/\/maisonduveloblancarde.fr\/wp-content\/uploads\/2025\/02\/3-1536x1026.png 1536w, https:\/\/maisonduveloblancarde.fr\/wp-content\/uploads\/2025\/02\/3-930x620.png 930w, https:\/\/maisonduveloblancarde.fr\/wp-content\/uploads\/2025\/02\/3.png 1992w\" sizes=\"(max-width: 1024px) 100vw, 1024px\" \/>\t\t\t\t\t\t\t\t\t\t\t\t\t<\/div>\n\t\t\t\t<\/div>\n\t\t\t\t\t<\/div>\n\t\t\t\t<\/div>\n\t\t<div class=\"elementor-element elementor-element-d4c4062 e-flex e-con-boxed e-con e-parent\" data-id=\"d4c4062\" data-element_type=\"container\">\n\t\t\t\t\t<div class=\"e-con-inner\">\n\t\t\t\t<div class=\"elementor-element elementor-element-3d23f0f elementor-widget elementor-widget-spacer\" data-id=\"3d23f0f\" data-element_type=\"widget\" data-widget_type=\"spacer.default\">\n\t\t\t\t<div class=\"elementor-widget-container\">\n\t\t\t\t\t<div class=\"elementor-spacer\">\n\t\t\t<div class=\"elementor-spacer-inner\"><\/div>\n\t\t<\/div>\n\t\t\t\t<\/div>\n\t\t\t\t<\/div>\n\t\t\t\t\t<\/div>\n\t\t\t\t<\/div>\n\t\t\t\t<\/div>\n\t\t","protected":false},"excerpt":{"rendered":"<p>La Maison du V\u00e9lo est ouverte La Maison du V\u00e9lo Marseille Blancarde est un lieu inter-associatif autour des pratiques du v\u00e9lo. Initi\u00e9 et soutenu par la Mairie du 4\u00e8me et 5\u00e8me arrondissement, ce lieu est ouvert \u00e0 tous et toutes, la plupart des activit\u00e9s \u00e9tant gratuites. C&#8217;est un lieu imagin\u00e9 comme un lieu de vie,&hellip;&nbsp;<a href=\"https:\/\/maisonduveloblancarde.fr\/\" class=\"\" rel=\"bookmark\">Read More &raquo;<span class=\"screen-reader-text\">Home<\/span><\/a><\/p>\n","protected":false},"author":1,"featured_media":0,"parent":0,"menu_order":0,"comment_status":"closed","ping_status":"closed","template":"","meta":{"neve_meta_sidebar":"default","neve_meta_container":"default","neve_meta_enable_content_width":"on","neve_meta_content_width":100,"neve_meta_title_alignment":"","neve_meta_author_avatar":"","neve_post_elements_order":"","neve_meta_disable_header":"","neve_meta_disable_footer":"","neve_meta_disable_title":"on","_themeisle_gutenberg_block_has_review":false,"_ti_tpc_template_sync":false,"_ti_tpc_template_id":"5udqur826ojgsxrmsxsc","footnotes":""},"yoast_head":"<!-- This site is optimized with the Yoast SEO plugin v22.6 - https:\/\/yoast.com\/wordpress\/plugins\/seo\/ -->\n<title>Home -<\/title>\n<meta name=\"robots\" content=\"index, follow, max-snippet:-1, max-image-preview:large, max-video-preview:-1\" \/>\n<link rel=\"canonical\" href=\"https:\/\/maisonduveloblancarde.fr\/\" \/>\n<meta property=\"og:locale\" content=\"en_US\" \/>\n<meta property=\"og:type\" content=\"article\" \/>\n<meta property=\"og:title\" content=\"Home -\" \/>\n<meta property=\"og:description\" content=\"La Maison du V\u00e9lo est ouverte La Maison du V\u00e9lo Marseille Blancarde est un lieu inter-associatif autour des pratiques du v\u00e9lo. Initi\u00e9 et soutenu par la Mairie du 4\u00e8me et 5\u00e8me arrondissement, ce lieu est ouvert \u00e0 tous et toutes, la plupart des activit\u00e9s \u00e9tant gratuites. C&#8217;est un lieu imagin\u00e9 comme un lieu de vie,&hellip;&nbsp;Read More &raquo;Home\" \/>\n<meta property=\"og:url\" content=\"https:\/\/maisonduveloblancarde.fr\/\" \/>\n<meta property=\"article:modified_time\" content=\"2026-04-28T15:20:48+00:00\" \/>\n<meta property=\"og:image\" content=\"http:\/\/maisonduveloblancarde.fr\/wp-content\/uploads\/2026\/04\/concert-724x1024.png\" \/>\n<meta name=\"twitter:card\" content=\"summary_large_image\" \/>\n<meta name=\"twitter:label1\" content=\"Est. reading time\" \/>\n\t<meta name=\"twitter:data1\" content=\"2 minutes\" \/>\n<script type=\"application\/ld+json\" class=\"yoast-schema-graph\">{\"@context\":\"https:\/\/schema.org\",\"@graph\":[{\"@type\":\"WebPage\",\"@id\":\"https:\/\/maisonduveloblancarde.fr\/\",\"url\":\"https:\/\/maisonduveloblancarde.fr\/\",\"name\":\"Home -\",\"isPartOf\":{\"@id\":\"https:\/\/maisonduveloblancarde.fr\/#website\"},\"primaryImageOfPage\":{\"@id\":\"https:\/\/maisonduveloblancarde.fr\/#primaryimage\"},\"image\":{\"@id\":\"https:\/\/maisonduveloblancarde.fr\/#primaryimage\"},\"thumbnailUrl\":\"http:\/\/maisonduveloblancarde.fr\/wp-content\/uploads\/2026\/04\/concert-724x1024.png\",\"datePublished\":\"2020-01-13T11:17:52+00:00\",\"dateModified\":\"2026-04-28T15:20:48+00:00\",\"breadcrumb\":{\"@id\":\"https:\/\/maisonduveloblancarde.fr\/#breadcrumb\"},\"inLanguage\":\"en-US\",\"potentialAction\":[{\"@type\":\"ReadAction\",\"target\":[\"https:\/\/maisonduveloblancarde.fr\/\"]}]},{\"@type\":\"ImageObject\",\"inLanguage\":\"en-US\",\"@id\":\"https:\/\/maisonduveloblancarde.fr\/#primaryimage\",\"url\":\"https:\/\/maisonduveloblancarde.fr\/wp-content\/uploads\/2026\/04\/concert.png\",\"contentUrl\":\"https:\/\/maisonduveloblancarde.fr\/wp-content\/uploads\/2026\/04\/concert.png\",\"width\":1414,\"height\":2000},{\"@type\":\"BreadcrumbList\",\"@id\":\"https:\/\/maisonduveloblancarde.fr\/#breadcrumb\",\"itemListElement\":[{\"@type\":\"ListItem\",\"position\":1,\"name\":\"Accueil\",\"item\":\"https:\/\/maisonduveloblancarde.fr\/\"},{\"@type\":\"ListItem\",\"position\":2,\"name\":\"Home\"}]},{\"@type\":\"WebSite\",\"@id\":\"https:\/\/maisonduveloblancarde.fr\/#website\",\"url\":\"https:\/\/maisonduveloblancarde.fr\/\",\"name\":\"\",\"description\":\"\",\"potentialAction\":[{\"@type\":\"SearchAction\",\"target\":{\"@type\":\"EntryPoint\",\"urlTemplate\":\"https:\/\/maisonduveloblancarde.fr\/?s={search_term_string}\"},\"query-input\":\"required name=search_term_string\"}],\"inLanguage\":\"en-US\"}]}<\/script>\n<!-- \/ Yoast SEO plugin. -->","yoast_head_json":{"title":"Home -","robots":{"index":"index","follow":"follow","max-snippet":"max-snippet:-1","max-image-preview":"max-image-preview:large","max-video-preview":"max-video-preview:-1"},"canonical":"https:\/\/maisonduveloblancarde.fr\/","og_locale":"en_US","og_type":"article","og_title":"Home -","og_description":"La Maison du V\u00e9lo est ouverte La Maison du V\u00e9lo Marseille Blancarde est un lieu inter-associatif autour des pratiques du v\u00e9lo. Initi\u00e9 et soutenu par la Mairie du 4\u00e8me et 5\u00e8me arrondissement, ce lieu est ouvert \u00e0 tous et toutes, la plupart des activit\u00e9s \u00e9tant gratuites. C&#8217;est un lieu imagin\u00e9 comme un lieu de vie,&hellip;&nbsp;Read More &raquo;Home","og_url":"https:\/\/maisonduveloblancarde.fr\/","article_modified_time":"2026-04-28T15:20:48+00:00","og_image":[{"url":"http:\/\/maisonduveloblancarde.fr\/wp-content\/uploads\/2026\/04\/concert-724x1024.png"}],"twitter_card":"summary_large_image","twitter_misc":{"Est. reading time":"2 minutes"},"schema":{"@context":"https:\/\/schema.org","@graph":[{"@type":"WebPage","@id":"https:\/\/maisonduveloblancarde.fr\/","url":"https:\/\/maisonduveloblancarde.fr\/","name":"Home -","isPartOf":{"@id":"https:\/\/maisonduveloblancarde.fr\/#website"},"primaryImageOfPage":{"@id":"https:\/\/maisonduveloblancarde.fr\/#primaryimage"},"image":{"@id":"https:\/\/maisonduveloblancarde.fr\/#primaryimage"},"thumbnailUrl":"http:\/\/maisonduveloblancarde.fr\/wp-content\/uploads\/2026\/04\/concert-724x1024.png","datePublished":"2020-01-13T11:17:52+00:00","dateModified":"2026-04-28T15:20:48+00:00","breadcrumb":{"@id":"https:\/\/maisonduveloblancarde.fr\/#breadcrumb"},"inLanguage":"en-US","potentialAction":[{"@type":"ReadAction","target":["https:\/\/maisonduveloblancarde.fr\/"]}]},{"@type":"ImageObject","inLanguage":"en-US","@id":"https:\/\/maisonduveloblancarde.fr\/#primaryimage","url":"https:\/\/maisonduveloblancarde.fr\/wp-content\/uploads\/2026\/04\/concert.png","contentUrl":"https:\/\/maisonduveloblancarde.fr\/wp-content\/uploads\/2026\/04\/concert.png","width":1414,"height":2000},{"@type":"BreadcrumbList","@id":"https:\/\/maisonduveloblancarde.fr\/#breadcrumb","itemListElement":[{"@type":"ListItem","position":1,"name":"Accueil","item":"https:\/\/maisonduveloblancarde.fr\/"},{"@type":"ListItem","position":2,"name":"Home"}]},{"@type":"WebSite","@id":"https:\/\/maisonduveloblancarde.fr\/#website","url":"https:\/\/maisonduveloblancarde.fr\/","name":"","description":"","potentialAction":[{"@type":"SearchAction","target":{"@type":"EntryPoint","urlTemplate":"https:\/\/maisonduveloblancarde.fr\/?s={search_term_string}"},"query-input":"required name=search_term_string"}],"inLanguage":"en-US"}]}},"_links":{"self":[{"href":"https:\/\/maisonduveloblancarde.fr\/index.php?rest_route=\/wp\/v2\/pages\/309"}],"collection":[{"href":"https:\/\/maisonduveloblancarde.fr\/index.php?rest_route=\/wp\/v2\/pages"}],"about":[{"href":"https:\/\/maisonduveloblancarde.fr\/index.php?rest_route=\/wp\/v2\/types\/page"}],"author":[{"embeddable":true,"href":"https:\/\/maisonduveloblancarde.fr\/index.php?rest_route=\/wp\/v2\/users\/1"}],"replies":[{"embeddable":true,"href":"https:\/\/maisonduveloblancarde.fr\/index.php?rest_route=%2Fwp%2Fv2%2Fcomments&post=309"}],"version-history":[{"count":240,"href":"https:\/\/maisonduveloblancarde.fr\/index.php?rest_route=\/wp\/v2\/pages\/309\/revisions"}],"predecessor-version":[{"id":970,"href":"https:\/\/maisonduveloblancarde.fr\/index.php?rest_route=\/wp\/v2\/pages\/309\/revisions\/970"}],"wp:attachment":[{"href":"https:\/\/maisonduveloblancarde.fr\/index.php?rest_route=%2Fwp%2Fv2%2Fmedia&parent=309"}],"curies":[{"name":"wp","href":"https:\/\/api.w.org\/{rel}","templated":true}]}}